{"id":114,"date":"2019-12-12T09:27:56","date_gmt":"2019-12-12T09:27:56","guid":{"rendered":"http:\/\/sue.ba\/?page_id=114"},"modified":"2021-02-24T10:10:29","modified_gmt":"2021-02-24T10:10:29","slug":"agregati","status":"publish","type":"page","link":"https:\/\/sue.ba\/en\/agregati\/","title":{"rendered":"Gensets"},"content":{"rendered":"<hr class=\"wp-block-separator\"\/>\n\n\n\n<ul><li><strong><a href=\"https:\/\/sue.ba\/en\/diesel-agregati\/\">Diesel Gensets <\/a><\/strong><\/li><li><a href=\"https:\/\/sue.ba\/en\/gasni-agregati\/\"><strong>Gas Gensets<\/strong><\/a><\/li><li><strong><a href=\"https:\/\/sue.ba\/en\/kucista\/\">Enclosures<\/a><\/strong><\/li><\/ul>\n\n\n\n<hr class=\"wp-block-separator has-text-color has-background has-vivid-cyan-blue-background-color has-vivid-cyan-blue-color\"\/>\n\n\n\n<h4>Rental Range<\/h4>\n\n\n\n<p>The FG Wilson rental range of generator sets are used by rental fleet owners in a wide variety of applications where temporary power needs exist including telecommunications, manufacturing, events and construction.<\/p>\n\n\n\n<p>The range of our rental generators ranges from 20 to 1250 kVA. They are very fuel efficient, easy to handle and robust to meet strict customer requirements. Galvanized sound insulation enclosures have excellent noise reduction for populated areas, are durable and strong to withstand the toughest on-site application conditions. Additional benefits with our rental generators are the expanded capacity of the fuel tank, its design that retains spilled fuel, as well as the availability of a control panel that allows measurements and protection.<\/p>\n\n\n\n<hr class=\"wp-block-separator has-text-color has-background has-vivid-cyan-blue-background-color has-vivid-cyan-blue-color\"\/>\n\n\n\n<p> <\/p>\n\n\n\n<h4><strong>Control Panels<\/strong><\/h4>\n\n\n\n<p>Spend less valuable time getting to grips with the operation and control of your generator set.<\/p>\n\n\n\n<p>We provide safe, easy-to-use control with a range of keystart, automatic, digital, and synchronising control panel systems and optional remote communications.<\/p>\n\n\n\n<hr class=\"wp-block-separator has-text-color has-background has-vivid-cyan-blue-background-color has-vivid-cyan-blue-color\"\/>\n\n\n\n<h4>Transfer Panels<\/h4>\n\n\n\n<p>The comprehensive ATI product range, rated from 250 -1600 amps, offers a high level of functionality with a number of flexible upgradeable options.<\/p>\n\n\n\n<hr class=\"wp-block-separator has-text-color has-background has-vivid-cyan-blue-background-color has-vivid-cyan-blue-color\"\/>\n    <!-- sktbuilder starter --><script type=\"text\/javascript\" src=\"https:\/\/sue.ba\/wp-content\/plugins\/skt-builder\/sktbuilder\/sktbuilder-frontend-starter.js\"><\/script><script type=\"text\/javascript\" src=\"https:\/\/sue.ba\/wp-content\/plugins\/skt-builder\/sktbuilder-wordpress-driver.js\"><\/script><script type=\"text\/javascript\"> var starter = new SktbuilderStarter({\"mode\": \"prod\", \"skip\":[\"jquery\",\"underscore\",\"backbone\"],\"sktbuilderUrl\": \"https:\/\/sue.ba\/wp-content\/plugins\/skt-builder\/sktbuilder\/\", \"driver\": new SktbuilderWordpressDriver({\"ajaxUrl\": \"https:\/\/sue.ba\/wp-admin\/admin-ajax.php\", \"iframeUrl\": \"https:\/\/sue.ba\/en\/agregati\/?sktbuilder=true\", \"pageId\": 114, \"pages\": [{\"title\":\"Home\",\"url\":\"https:\\\/\\\/sue.ba\\\/wp-admin\\\/post.php?post=12&action=sktbuilder\"},{\"title\":\"Gdje se nalazimo\",\"url\":\"https:\\\/\\\/sue.ba\\\/wp-admin\\\/post.php?post=53&action=sktbuilder\"},{\"title\":\"O nama\",\"url\":\"https:\\\/\\\/sue.ba\\\/wp-admin\\\/post.php?post=72&action=sktbuilder\"},{\"title\":\"Proizvodi\",\"url\":\"https:\\\/\\\/sue.ba\\\/wp-admin\\\/post.php?post=81&action=sktbuilder\"},{\"title\":\"Partneri\",\"url\":\"https:\\\/\\\/sue.ba\\\/wp-admin\\\/post.php?post=284&action=sktbuilder\"}], \"page\": \"Agregati\" }) });<\/script><!-- end sktbuilder starter -->","protected":false},"excerpt":{"rendered":"<p>Diesel Agregati Gasni agregati Ku\u0107i\u0161ta Iznajmljivanje Imamo agregate za iznajmljivanje u raznim oblastima gdje postoje potrebe za privremenim napajanjem koje uklju\u010duju telekomunikacije, proizvodnju, estradne doga\u0111aje i graditeljstvo. Opseg na\u0161ih agregata za iznajmljivanje kre\u0107e se od 20 do 1250 kVA. Oni su vrlo efikasni sa aspekta goriva, jednostavani za rukovanje i robustni kako bi se zadovoljili<br \/><a class=\"moretag\" href=\"https:\/\/sue.ba\/en\/agregati\/\">+ Read More<\/a><\/p>","protected":false},"author":1,"featured_media":137,"parent":0,"menu_order":0,"comment_status":"closed","ping_status":"closed","template":"templates\/page-fullwidth_template.php","meta":{"om_disable_all_campaigns":false,"_monsterinsights_skip_tracking":false,"_monsterinsights_sitenote_active":false,"_monsterinsights_sitenote_note":"","_monsterinsights_sitenote_category":0},"aioseo_notices":[],"_links":{"self":[{"href":"https:\/\/sue.ba\/en\/wp-json\/wp\/v2\/pages\/114"}],"collection":[{"href":"https:\/\/sue.ba\/en\/wp-json\/wp\/v2\/pages"}],"about":[{"href":"https:\/\/sue.ba\/en\/wp-json\/wp\/v2\/types\/page"}],"author":[{"embeddable":true,"href":"https:\/\/sue.ba\/en\/wp-json\/wp\/v2\/users\/1"}],"replies":[{"embeddable":true,"href":"https:\/\/sue.ba\/en\/wp-json\/wp\/v2\/comments?post=114"}],"version-history":[{"count":18,"href":"https:\/\/sue.ba\/en\/wp-json\/wp\/v2\/pages\/114\/revisions"}],"predecessor-version":[{"id":554,"href":"https:\/\/sue.ba\/en\/wp-json\/wp\/v2\/pages\/114\/revisions\/554"}],"wp:featuredmedia":[{"embeddable":true,"href":"https:\/\/sue.ba\/en\/wp-json\/wp\/v2\/media\/137"}],"wp:attachment":[{"href":"https:\/\/sue.ba\/en\/wp-json\/wp\/v2\/media?parent=114"}],"curies":[{"name":"wp","href":"https:\/\/api.w.org\/{rel}","templated":true}]}}