{"id":118,"date":"2019-12-12T09:33:13","date_gmt":"2019-12-12T09:33:13","guid":{"rendered":"http:\/\/sue.ba\/?page_id=118"},"modified":"2021-03-03T12:41:17","modified_gmt":"2021-03-03T12:41:17","slug":"ups-sistemi","status":"publish","type":"page","link":"https:\/\/sue.ba\/en\/ups-sistemi\/","title":{"rendered":"UPS Systems"},"content":{"rendered":"<hr class=\"wp-block-separator has-text-color has-background has-vivid-cyan-blue-background-color has-vivid-cyan-blue-color\"\/>\n\n\n\n<p><strong>ENERGOINVEST SUE d.d.<\/strong>&nbsp;is the authorized and exclusive partner and service center for the company&nbsp;<strong>Eaton Powerware&nbsp;<\/strong>UPS program for uninterruptible power supply systems in Bosnia and Herzegovina. With long experience of more than 30 years of working with backup power supplies and UPS systems our company has achieved significant results and has become a leader in the implementation and maintenance of these devices.<\/p>\n\n\n\n<p>Company Eaton Powerware is one of the largest manufacturers of UPS systems in the world, with a tradition of over 40 years in the production of these devices.<\/p>\n\n\n\n<p>Thanks to new technologies, the Powerware constantly introduces new models of uninterruptible power supply systems (UPS). A new generation of ON LINE model (double conversion) compared to older models or compared to most other models on the market hase significant advantages.<\/p>\n\n\n\n<p>Eaton Powerware UPS systems solve all customers\u2019 problems with power supply, ensuring a clean, uninterrupted supply of critical equipment. Whether you are looking for a UPS for use in the field of information technology, telecommunications, automation, health or finance, Eaton Powerware UPS models ranging from 300 VA to 625 kVA provide the highest quality protection for your equipment.<\/p>\n\n\n\n<hr class=\"wp-block-separator has-text-color has-background has-vivid-cyan-blue-background-color has-vivid-cyan-blue-color\"\/>\n\n\n\n<div class=\"wp-block-media-text alignwide\" style=\"grid-template-columns:20% auto\"><figure class=\"wp-block-media-text__media\"><img loading=\"lazy\" width=\"176\" height=\"178\" src=\"http:\/\/sue.ba\/wp-content\/uploads\/2019\/12\/9130_Tower_sm.jpg\" alt=\"\" class=\"wp-image-226\" srcset=\"https:\/\/sue.ba\/wp-content\/uploads\/2019\/12\/9130_Tower_sm.jpg 176w, https:\/\/sue.ba\/wp-content\/uploads\/2019\/12\/9130_Tower_sm-12x12.jpg 12w\" sizes=\"(max-width: 176px) 100vw, 176px\" \/><\/figure><div class=\"wp-block-media-text__content\">\n<p class=\"has-normal-font-size\"> The 9130 UPS provides maximum power protection in the range of 700 to 6000 VA. This UPS is the ideal solution for powering network equipment, web servers, telecommunications equipment and other critical applications. <\/p>\n\n\n\n<div class=\"wp-block-file\"><a href=\"https:\/\/sue.ba\/wp-content\/uploads\/2019\/12\/EATON-9130-UPS-brosura_bos-Rev-2.pdf\" class=\"wp-block-file__button\" download>Catalog<\/a><\/div>\n<\/div><\/div>\n\n\n\n<hr class=\"wp-block-separator has-text-color has-background has-vivid-cyan-blue-background-color has-vivid-cyan-blue-color\"\/>\n\n\n\n<div class=\"wp-block-media-text alignwide\" style=\"grid-template-columns:20% auto\"><figure class=\"wp-block-media-text__media\"><img src=\"http:\/\/sue.ba\/wp-content\/uploads\/2019\/12\/103006456-6591-1024x530.jpg\" alt=\"\" class=\"wp-image-215\"\/><\/figure><div class=\"wp-block-media-text__content\">\n<p class=\"has-normal-font-size\"> The 9130 UPS is a Rack Mount version and provides maximum power protection in the range of 1000 to 3000 VA. This UPS is the ideal solution for powering network equipment, web servers, telecommunications equipment and other critical applications. <\/p>\n\n\n\n<div class=\"wp-block-file\"><a href=\"https:\/\/sue.ba\/wp-content\/uploads\/2019\/12\/9130_datasheet_rev_D_low_pdf.pdf\" class=\"wp-block-file__button\" download>Catalog<\/a><\/div>\n<\/div><\/div>\n\n\n\n<hr class=\"wp-block-separator has-text-color has-background has-vivid-cyan-blue-background-color has-vivid-cyan-blue-color\"\/>\n\n\n\n<div class=\"wp-block-media-text alignwide\" style=\"grid-template-columns:20% auto\"><figure class=\"wp-block-media-text__media\"><img loading=\"lazy\" width=\"500\" height=\"500\" src=\"http:\/\/sue.ba\/wp-content\/uploads\/2019\/12\/9SX-RT-3U_FM-500x500_72dpi.jpg\" alt=\"\" class=\"wp-image-220\" srcset=\"https:\/\/sue.ba\/wp-content\/uploads\/2019\/12\/9SX-RT-3U_FM-500x500_72dpi.jpg 500w, https:\/\/sue.ba\/wp-content\/uploads\/2019\/12\/9SX-RT-3U_FM-500x500_72dpi-300x300.jpg 300w, https:\/\/sue.ba\/wp-content\/uploads\/2019\/12\/9SX-RT-3U_FM-500x500_72dpi-150x150.jpg 150w, https:\/\/sue.ba\/wp-content\/uploads\/2019\/12\/9SX-RT-3U_FM-500x500_72dpi-12x12.jpg 12w\" sizes=\"(max-width: 500px) 100vw, 500px\" \/><\/figure><div class=\"wp-block-media-text__content\">\n<p class=\"has-normal-font-size\">9SX is a high energy efficiency UPS, which provides protection when powering small and medium data centers and IT infrastructure. With the help of double conversion, the power supply is made with 40% less energy and 28% more power. The 9SX is the perfect UPS for IT and facility managers who care about energy costs and are looking for new power protection solutions. <\/p>\n\n\n\n<div class=\"wp-block-file\"><a href=\"https:\/\/sue.ba\/wp-content\/uploads\/2019\/12\/9SX-datasheet-web.pdf\" class=\"wp-block-file__button\" download>Catalog<\/a><\/div>\n<\/div><\/div>\n\n\n\n<hr class=\"wp-block-separator has-text-color has-background has-vivid-cyan-blue-background-color has-vivid-cyan-blue-color\"\/>\n\n\n\n<div class=\"wp-block-media-text alignwide\" style=\"grid-template-columns:20% auto\"><figure class=\"wp-block-media-text__media\"><img loading=\"lazy\" width=\"400\" height=\"600\" src=\"http:\/\/sue.ba\/wp-content\/uploads\/2019\/12\/9E20ki-3-4.jpg\" alt=\"\" class=\"wp-image-224\" srcset=\"https:\/\/sue.ba\/wp-content\/uploads\/2019\/12\/9E20ki-3-4.jpg 400w, https:\/\/sue.ba\/wp-content\/uploads\/2019\/12\/9E20ki-3-4-200x300.jpg 200w, https:\/\/sue.ba\/wp-content\/uploads\/2019\/12\/9E20ki-3-4-8x12.jpg 8w\" sizes=\"(max-width: 400px) 100vw, 400px\" \/><\/figure><div class=\"wp-block-media-text__content\">\n<p class=\"has-normal-font-size\">The Eaton 9E is an affordable double-conversion online UPS with a compact yet robust design. This UPS is an ideal choice for industrial, medical and information (IT) applications and telecommunications. <\/p>\n\n\n\n<div class=\"wp-block-file\"><a href=\"https:\/\/sue.ba\/wp-content\/uploads\/2019\/12\/9E_datasheet.pdf\" class=\"wp-block-file__button\" download>Catalog<\/a><\/div>\n<\/div><\/div>\n\n\n\n<hr class=\"wp-block-separator has-text-color has-background has-vivid-cyan-blue-background-color has-vivid-cyan-blue-color\"\/>\n\n\n\n<div class=\"wp-block-media-text alignwide\" style=\"grid-template-columns:20% auto\"><figure class=\"wp-block-media-text__media\"><img loading=\"lazy\" width=\"423\" height=\"705\" src=\"http:\/\/sue.ba\/wp-content\/uploads\/2019\/12\/1022551.png\" alt=\"\" class=\"wp-image-246\" srcset=\"https:\/\/sue.ba\/wp-content\/uploads\/2019\/12\/1022551.png 423w, https:\/\/sue.ba\/wp-content\/uploads\/2019\/12\/1022551-180x300.png 180w, https:\/\/sue.ba\/wp-content\/uploads\/2019\/12\/1022551-7x12.png 7w\" sizes=\"(max-width: 423px) 100vw, 423px\" \/><\/figure><div class=\"wp-block-media-text__content\">\n<p class=\"has-normal-font-size\">The 9155 UPS provides strong 24\/7 protection when powering centralized servers, telecommunications systems, computer clusters, network and other critical equipment.  <\/p>\n\n\n\n<div class=\"wp-block-file\"><a href=\"https:\/\/sue.ba\/wp-content\/uploads\/2019\/12\/9X55_Jul09.pdf\" class=\"wp-block-file__button\" download>Catalog<\/a><\/div>\n<\/div><\/div>\n\n\n\n<hr class=\"wp-block-separator has-text-color has-background has-vivid-cyan-blue-background-color has-vivid-cyan-blue-color\"\/>\n\n\n\n<div class=\"wp-block-media-text alignwide\" style=\"grid-template-columns:20% auto\"><figure class=\"wp-block-media-text__media\"><img loading=\"lazy\" width=\"427\" height=\"500\" src=\"http:\/\/sue.ba\/wp-content\/uploads\/2019\/12\/product_thumb.jpg\" alt=\"\" class=\"wp-image-252\" srcset=\"https:\/\/sue.ba\/wp-content\/uploads\/2019\/12\/product_thumb.jpg 427w, https:\/\/sue.ba\/wp-content\/uploads\/2019\/12\/product_thumb-256x300.jpg 256w, https:\/\/sue.ba\/wp-content\/uploads\/2019\/12\/product_thumb-10x12.jpg 10w\" sizes=\"(max-width: 427px) 100vw, 427px\" \/><\/figure><div class=\"wp-block-media-text__content\">\n<p class=\"has-normal-font-size\">The 9355 UPS provides powerful 24\/7 protection when powering centralized servers, telecommunications systems, computer clusters, network and other critical equipment. <\/p>\n\n\n\n<div class=\"wp-block-file\"><a href=\"https:\/\/sue.ba\/wp-content\/uploads\/2019\/12\/9155-9355_brochure.pdf\" class=\"wp-block-file__button\" download>Catalog<\/a><\/div>\n<\/div><\/div>\n\n\n\n<hr class=\"wp-block-separator has-text-color has-background has-vivid-cyan-blue-background-color has-vivid-cyan-blue-color\"\/>\n\n\n\n<div class=\"wp-block-media-text alignwide\" style=\"grid-template-columns:20% auto\"><figure class=\"wp-block-media-text__media\"><img loading=\"lazy\" width=\"500\" height=\"500\" src=\"http:\/\/sue.ba\/wp-content\/uploads\/2019\/12\/eaton-93pm-ups-primary.jpg\" alt=\"\" class=\"wp-image-258\" srcset=\"https:\/\/sue.ba\/wp-content\/uploads\/2019\/12\/eaton-93pm-ups-primary.jpg 500w, https:\/\/sue.ba\/wp-content\/uploads\/2019\/12\/eaton-93pm-ups-primary-300x300.jpg 300w, https:\/\/sue.ba\/wp-content\/uploads\/2019\/12\/eaton-93pm-ups-primary-150x150.jpg 150w, https:\/\/sue.ba\/wp-content\/uploads\/2019\/12\/eaton-93pm-ups-primary-12x12.jpg 12w\" sizes=\"(max-width: 500px) 100vw, 500px\" \/><\/figure><div class=\"wp-block-media-text__content\">\n<p>The 93PM UPS is the market leader in quality. Efficiency of 97% in dual conversion mode results in significant energy savings for the customer.  This UPS has a power factor of 1. One of the main features of this UPS is that it is modular, so you can easily monitor the growth of the system at lower costs.&nbsp;<\/p>\n\n\n\n<p>It is possible to connect up to 4 UPS in parallel to share the load, thus giving greater power and reliability.<\/p>\n\n\n\n<p><\/p>\n\n\n\n<div class=\"wp-block-file\"><a href=\"https:\/\/sue.ba\/wp-content\/uploads\/2019\/12\/Eaton_93PM_30-200_Datasheet_LOW.724.pdf\" class=\"wp-block-file__button\" download>Catalog<\/a><\/div>\n<\/div><\/div>\n\n\n\n<hr class=\"wp-block-separator has-text-color has-background has-vivid-cyan-blue-background-color has-vivid-cyan-blue-color\"\/>\n\n\n\n<div class=\"wp-block-media-text alignwide\" style=\"grid-template-columns:18% auto\"><figure class=\"wp-block-media-text__media\"><img loading=\"lazy\" width=\"400\" height=\"600\" src=\"https:\/\/sue.ba\/wp-content\/uploads\/2021\/02\/93E_100-200K.jpg\" alt=\"\" class=\"wp-image-578\" srcset=\"https:\/\/sue.ba\/wp-content\/uploads\/2021\/02\/93E_100-200K.jpg 400w, https:\/\/sue.ba\/wp-content\/uploads\/2021\/02\/93E_100-200K-200x300.jpg 200w, https:\/\/sue.ba\/wp-content\/uploads\/2021\/02\/93E_100-200K-8x12.jpg 8w\" sizes=\"(max-width: 400px) 100vw, 400px\" \/><\/figure><div class=\"wp-block-media-text__content\">\n<p>The 93E UPS provides superior power stability for increasing loads in today\u2019s space centers. It enables lower total cost of ownership (TCO) by a combination of energy efficiency and high reliability.                       <\/p>\n\n\n\n<p>The 93E is the ideal solution for data centers and other organizations that want highly reliable power protection.<\/p>\n\n\n\n<p><\/p>\n\n\n\n<div class=\"wp-block-file\"><a href=\"https:\/\/sue.ba\/wp-content\/uploads\/2021\/02\/Eaton_93E_Brochure_15-400kVA_Rev001-1.pdf\" class=\"wp-block-file__button\" download>Catalog<\/a><\/div>\n<\/div><\/div>\n    <!-- sktbuilder starter --><script type=\"text\/javascript\" src=\"https:\/\/sue.ba\/wp-content\/plugins\/skt-builder\/sktbuilder\/sktbuilder-frontend-starter.js\"><\/script><script type=\"text\/javascript\" src=\"https:\/\/sue.ba\/wp-content\/plugins\/skt-builder\/sktbuilder-wordpress-driver.js\"><\/script><script type=\"text\/javascript\"> var starter = new SktbuilderStarter({\"mode\": \"prod\", \"skip\":[\"jquery\",\"underscore\",\"backbone\"],\"sktbuilderUrl\": \"https:\/\/sue.ba\/wp-content\/plugins\/skt-builder\/sktbuilder\/\", \"driver\": new SktbuilderWordpressDriver({\"ajaxUrl\": \"https:\/\/sue.ba\/wp-admin\/admin-ajax.php\", \"iframeUrl\": \"https:\/\/sue.ba\/en\/ups-sistemi\/?sktbuilder=true\", \"pageId\": 118, \"pages\": [{\"title\":\"Home\",\"url\":\"https:\\\/\\\/sue.ba\\\/wp-admin\\\/post.php?post=12&action=sktbuilder\"},{\"title\":\"Gdje se nalazimo\",\"url\":\"https:\\\/\\\/sue.ba\\\/wp-admin\\\/post.php?post=53&action=sktbuilder\"},{\"title\":\"O nama\",\"url\":\"https:\\\/\\\/sue.ba\\\/wp-admin\\\/post.php?post=72&action=sktbuilder\"},{\"title\":\"Proizvodi\",\"url\":\"https:\\\/\\\/sue.ba\\\/wp-admin\\\/post.php?post=81&action=sktbuilder\"},{\"title\":\"Partneri\",\"url\":\"https:\\\/\\\/sue.ba\\\/wp-admin\\\/post.php?post=284&action=sktbuilder\"}], \"page\": \"UPS Sistemi\" }) });<\/script><!-- end sktbuilder starter -->","protected":false},"excerpt":{"rendered":"<p>ENERGOINVEST SUE d.d.&nbsp;je ovla\u0161teni ekskluzivni, jedini zastupnik i servisni centar kompanije&nbsp;Eaton Powerware&nbsp;za program UPS sistema za besprekidna napajanja na podru\u010dju Bosne i Hercegovine. Sa dugogodi\u0161njim iskustvom od oko 30 godina u radu sa rezervnim napajanjima, na podru\u010dju UPS sistema je na\u0161a kompanija ostvarila zna\u010dajne rezultate i postala lider u implementaciji i odr\u017eavanju ovih ure\u0111aja. Kompanija<br \/><a class=\"moretag\" href=\"https:\/\/sue.ba\/en\/ups-sistemi\/\">+ Read More<\/a><\/p>","protected":false},"author":1,"featured_media":209,"parent":0,"menu_order":0,"comment_status":"closed","ping_status":"closed","template":"templates\/page-fullwidth_template.php","meta":{"om_disable_all_campaigns":false,"_monsterinsights_skip_tracking":false,"_monsterinsights_sitenote_active":false,"_monsterinsights_sitenote_note":"","_monsterinsights_sitenote_category":0},"aioseo_notices":[],"_links":{"self":[{"href":"https:\/\/sue.ba\/en\/wp-json\/wp\/v2\/pages\/118"}],"collection":[{"href":"https:\/\/sue.ba\/en\/wp-json\/wp\/v2\/pages"}],"about":[{"href":"https:\/\/sue.ba\/en\/wp-json\/wp\/v2\/types\/page"}],"author":[{"embeddable":true,"href":"https:\/\/sue.ba\/en\/wp-json\/wp\/v2\/users\/1"}],"replies":[{"embeddable":true,"href":"https:\/\/sue.ba\/en\/wp-json\/wp\/v2\/comments?post=118"}],"version-history":[{"count":25,"href":"https:\/\/sue.ba\/en\/wp-json\/wp\/v2\/pages\/118\/revisions"}],"predecessor-version":[{"id":613,"href":"https:\/\/sue.ba\/en\/wp-json\/wp\/v2\/pages\/118\/revisions\/613"}],"wp:featuredmedia":[{"embeddable":true,"href":"https:\/\/sue.ba\/en\/wp-json\/wp\/v2\/media\/209"}],"wp:attachment":[{"href":"https:\/\/sue.ba\/en\/wp-json\/wp\/v2\/media?parent=118"}],"curies":[{"name":"wp","href":"https:\/\/api.w.org\/{rel}","templated":true}]}}