{"id":12,"date":"2019-10-31T07:50:25","date_gmt":"2019-10-31T07:50:25","guid":{"rendered":"http:\/\/demosktthemes.com\/free\/solarenergy\/?page_id=8"},"modified":"2022-09-27T13:27:57","modified_gmt":"2022-09-27T13:27:57","slug":"home-2","status":"publish","type":"page","link":"https:\/\/sue.ba\/en\/","title":{"rendered":"Home"},"content":{"rendered":"<div class=\"skt-builder-block-wrapper skt-builder-home-section1-block skt-builder-home-section1-block-31\" style=\"background-color: #f8f8f8; background-image: url(); padding-bottom: 40px; padding-top: 80px; \">\r\n\t<div class=\"skt-builder-block-inner skt-builder-block-inner-31\" style=\"visibility: hidden;\">\r\n\t\t<div class=\"skt-builder-container\">\r\n        \t<style>\r\n            \t.skt-builder-home-section1-block-31 .skt-builder-block-button{background:#5cb4f2; color: #fff;}\r\n\t\t\t\t.skt-builder-home-section1-block-31 .skt-builder-block-button:hover{background: #222222; color: #fff;}\r\n\t\t\t\t.skt-builder-home-section1-block-31 .skt-builder-home-section1-block-img{width:95%;}\r\n\t\t\t\t.skt-builder-home-section1-block-31 .skt-builder-columns-row-2column .skt-builder-block-title h2::after{ background:#5cb4f2;}\r\n\t\t\t\t.skt-builder-home-section1-block-31 .skt-builder-block-button::after{background:#5cb4f2;}\r\n\t\t\t\t.skt-builder-home-section1-block-31 .skt-builder-block-button:hover::after {background:#222222;}\r\n            <\/style>\r\n\t\t\t<div class=\"skt-builder-columns-row skt-builder-columns-row-2column\">\r\n\t\t\t\t\t<div class=\"skt-builder-column\">\r\n\t\t\t\t\t\t\t<div class=\"skt-builder-column-inner\"><img class=\"skt-builder-home-section1-block-img\" style=\"margin-top: 0px;\" src=\"https:\/\/sue.ba\/wp-content\/themes\/skt-green\/blocks\/home_section1\/assets\/img\/welcome-image.jpg\"><\/div>\r\n\t\t\t\t\t<\/div>\r\n\t\t\t\t\t<div class=\"skt-builder-column\">\r\n\t\t\t\t\t\t\t<div class=\"skt-builder-block-title\" style=\"text-align: center;\">\r\n                                <h2 style=\"color: #5cb4f2; font-size: 58px; margin-bottom: 0; text-align: center;\"><small style=\"color:#222222; font-size:30px; margin-bottom:0px;\">A leader in the implementation and maintenance of power electronics devices<\/small>ENERGOINVEST SUE <\/h2>\r\n                                <div class=\"skt-builder-block-title-separator\" style=\"background-color: #222222; margin-bottom: 20px;\"><\/div>\r\n                            <\/div>\r\n\r\n\t\t\t\t\t\t\t<div class=\"skt-builder-column-inner\">\r\n                            \t<p><span style=\"color: rgb(0, 0, 0);\">ENERGOINVEST SUE (Power Control Systems) is more than 30 years in the business of uninterruptable power supplies. The company was established in 1979. by a team from the Institute of Automation and Computer Science (Energoinvest - IRCA). In the period since its establishment until today we have developed a broad product and sales program that includes virtually all the power electronic devices. Many years of experience in working with backup power, experienced and trained personnel, technical equipment and continuous efforts on developing and perfecting devices from our program, resulted in the realization of a large number of contracts with customers at home and abroad, which resulted in numerous references in each of the business segments.<\/span><\/p>\r\n                                \r\n\t\t\t\t\t<a class=\"skt-builder-block-button\" href=\"https:\/\/sue.ba\/en\/onama\/\" >Read more...<\/a>\r\n                            <\/div>\r\n\t\t\t\t\t\t\r\n\t\t\t\t\t<\/div>\r\n\t\t\t<\/div>\r\n\t\t<\/div>\r\n\t<\/div>\r\n<\/div>\r\n<script>\r\njQuery.noConflict();\r\njQuery(document).ready(function(){\r\njQuery(window).scroll(function(){\r\n    \/\/ This is then function used to detect if the element is scrolled into view\r\n    function elementScrolled(elem)\r\n    {\r\n        var docViewTop = jQuery(window).scrollTop();\r\n        var docViewBottom = docViewTop + jQuery(window).height();\r\n        var elemTop = jQuery(elem).offset().top;\r\n        return ((elemTop <= docViewBottom) && (elemTop >= docViewTop));\r\n    }\r\n\r\n\tif (jQuery('.skt-builder-block-inner-31').length > 0) {\r\n\tif(elementScrolled('.skt-builder-block-inner-31')) {\r\n        var els = jQuery('.skt-builder-block-inner-31'),\r\n            i = 0,\r\n            f = function () {\r\n                jQuery(els[i++]).addClass('fadeInLeft');\r\n                if(i < els.length) setTimeout(f, 400);\r\n            };\r\n        f();\r\n    }}\r\n\r\n});\r\n});\r\n<\/script>\r\n<div class=\"skt-builder-block-wrapper skt-builder-home-section2-block skt-builder-home-section2-block-87\" style=\"background-color: #fff; background-image: url(); padding-bottom: 70px; padding-top: 80px; \">\r\n\t<div class=\"skt-builder-block-inner skt-builder-block-inner-87\" style=\"visibility: hidden;\">\r\n\t\t<div class=\"skt-builder-container\">\r\n            \r\n                <style>\r\n                    .skt-builder-home-section2-block-87 .skt-builder-block-title h2 span{color:#92c938 !important;}\r\n                <\/style>\r\n            \r\n            <style>\r\n\t\t\t\t.skt-builder-home-section2-block-87 .leftBlockCols h3, .skt-builder-home-section2-block-87 .rightBlockCols h3{color: #323131; font-size:20px;}\r\n\t\t\t\t.skt-builder-home-section2-block-87 .left-fit-desc, .skt-builder-home-section2-block-87 .right-fit-desc{border-bottom-color: ;}\r\n\t\t\t\t.skt-builder-home-section2-block-87 .skt-builder-columns-row .left-fit-desc p{color:#606060;}\r\n\t\t\t\t.skt-builder-home-section2-block-87 .skt-builder-columns-row .right-fit-desc p{color:#606060;}\r\n\t\t\t\t.skt-builder-home-section2-block-87 .left-fitleft .read-more-btn, .skt-builder-home-section2-block-87 .right-fitright .read-more-btn{color:#92c938; font-size:15px;}\r\n\t\t\t\t.skt-builder-home-section2-block-87 .left-fitleft .read-more-btn:hover, .skt-builder-home-section2-block-87 .right-fitright .read-more-btn:hover{color:#282828;}\r\n\t\t\t\t.skt-builder-home-section2-block-87 .leftBlockCols, .skt-builder-home-section2-block-87 .rightBlockCols{border-bottom:solid 1px #f2f2f2;}\r\n             <\/style>\r\n\t\t\t<div class=\"skt-builder-columns-row\">\r\n            <div class=\"leftBlockArea\">\r\n\t\t\t\t\t<div class=\"leftBlockCols\">\r\n                    \t\r\n                    \t<div class=\"left-fitleft\">\r\n                        <div class=\"bgnumber\" style=\"color:#f7f7f7;\">1<\/div>\r\n                            \t<div class=\"left-fit-title\"><h3>Gensets<\/h3><\/div>\r\n                            \t<div class=\"left-fit-desc\"><p><strong style=\"color: rgb(0, 0, 0);\">ENERGOINVEST SUE d.d.<\/strong><span style=\"color: rgb(0, 0, 0);\">&nbsp;is the authorized and exclusive partner and service center for the company FG Wilson for their program of diesel electric generators in Bosnia and Herzegovina. For many years Energoinvest SUE successfully sells, installs and maintains a wide variety of these gensets<\/span><\/p><\/div>\r\n    \r\n                                <a href=\"https:\/\/sue.ba\/en\/agregati\/\" class=\"read-more-btn\" >Read more...<\/a>\r\n\t\t\t\t\t\t<\/div>\r\n                        \r\n                            <div class=\"left-fitright\"><img src=\"https:\/\/sue.ba\/wp-content\/uploads\/2022\/09\/electric-generator.png\"><\/div>\r\n                        <div class=\"clear\"><\/div>\r\n                    <\/div>\r\n\t\t\t\t\t<div class=\"leftBlockCols\">\r\n                    \t\r\n                    \t<div class=\"left-fitleft\">\r\n                        <div class=\"bgnumber\" style=\"color:#f7f7f7;\">2<\/div>\r\n                            \t<div class=\"left-fit-title\"><h3>AC and DC distributions<\/h3><\/div>\r\n                            \t<div class=\"left-fit-desc\"><p><span style=\"color: rgb(0, 0, 0);\">Energoinvest SUE manufactures all types of low voltage AC and DC distributions as required by the user or as per own projects.&nbsp;<\/span><\/p><\/div>\r\n    \r\n                                <a href=\"https:\/\/sue.ba\/en\/acdc\/\" class=\"read-more-btn\" >Read more...<\/a>\r\n\t\t\t\t\t\t<\/div>\r\n                        \r\n                            <div class=\"left-fitright\"><img src=\"https:\/\/sue.ba\/wp-content\/uploads\/2022\/09\/electrical-energy.png\"><\/div>\r\n                        <div class=\"clear\"><\/div>\r\n                    <\/div>\r\n            <\/div>\r\n \t\t\t\t\t<div class=\"centerBlockimage\"><img src=\"https:\/\/sue.ba\/wp-content\/uploads\/2019\/12\/logo.jpg\"><\/div>\r\n            <div class=\"rightBlockArea\">\r\n\t\t\t\t\t<div class=\"rightBlockCols\">\r\n                    \t\t<div class=\"right-fitleft\"><img src=\"https:\/\/sue.ba\/wp-content\/uploads\/2022\/09\/transformer.png\"><\/div>\r\n                        <div class=\"right-fitright\">\r\n                               <div class=\"bgnumber\" style=\"color:#f7f7f7;\">3<\/div>\r\n                                <div class=\"right-fit-title\"><h3>Rectifiers and Inverters<\/h3><\/div>\r\n                            \r\n                          \t  <div class=\"right-fit-desc\"><p><span style=\"color: rgb(0, 0, 0);\">In all areas of industry and public life, the number of electricity consumers who need to have backup power in case of failure of the grid power supply increases.<\/span><\/p><\/div>\r\n                       \t\r\n                            <a href=\"https:\/\/sue.ba\/en\/ispravljaci-i-invertori\/\" class=\"read-more-btn\" >Read more...<\/a>\r\n                        <\/div>\r\n                        <div class=\"clear\"><\/div>\r\n                    <\/div>\r\n\t\t\t\t\t<div class=\"rightBlockCols\">\r\n                    \t\t<div class=\"right-fitleft\"><img src=\"https:\/\/sue.ba\/wp-content\/uploads\/2022\/09\/ups.png\"><\/div>\r\n                        <div class=\"right-fitright\">\r\n                               <div class=\"bgnumber\" style=\"color:#f7f7f7;\">4<\/div>\r\n                                <div class=\"right-fit-title\"><h3>UPS Systems<\/h3><\/div>\r\n                            \r\n                          \t  <div class=\"right-fit-desc\"><p><strong style=\"color: rgb(0, 0, 0);\">ENERGOINVEST SUE d.d.<\/strong><span style=\"color: rgb(0, 0, 0);\">&nbsp;is the authorized and exclusive partner and service center for the company&nbsp;<\/span><strong style=\"color: rgb(0, 0, 0);\">Eaton Powerware&nbsp;<\/strong><span style=\"color: rgb(0, 0, 0);\">UPS program for uninterruptible power supply systems in Bosnia and Herzegovina<\/span><\/p><\/div>\r\n                       \t\r\n                            <a href=\"https:\/\/sue.ba\/en\/ups-sistemi\/\" class=\"read-more-btn\" >Read more...<\/a>\r\n                        <\/div>\r\n                        <div class=\"clear\"><\/div>\r\n                    <\/div>\r\n            <\/div>          \r\n\t\t\t<\/div>\r\n\t\t<\/div>\r\n\t<\/div>\r\n<\/div>\r\n\r\n<script>\r\njQuery(document).ready(function() {\r\n    jQuery('p').each(function() {\r\n        var $this = jQuery(this);\r\n        if($this.html().replace(\/s|&nbsp;\/g, '').length == 0) {\r\n            $this.remove();\r\n        }\r\n    });\r\n});\r\n\r\njQuery(document).ready(function() {\r\n    jQuery('p').each(function() {\r\n        var $this = jQuery(this);\r\n        if($this.html().replace(\/s|<br>\/g, '').length == 0) {\r\n            $this.remove();\r\n        }\r\n    });\r\n});\r\n<\/script>\r\n\r\n<script>\r\njQuery.noConflict();\r\njQuery(document).ready(function(){\r\njQuery(window).scroll(function(){\r\n    \/\/ This is then function used to detect if the element is scrolled into view\r\n    function elementScrolled(elem)\r\n    {\r\n        var docViewTop = jQuery(window).scrollTop();\r\n        var docViewBottom = docViewTop + jQuery(window).height();\r\n        var elemTop = jQuery(elem).offset().top;\r\n        return ((elemTop <= docViewBottom) && (elemTop >= docViewTop));\r\n    }\r\n\r\n\tif (jQuery('.skt-builder-block-inner-87').length > 0) {\r\n\tif(elementScrolled('.skt-builder-block-inner-87')) {\r\n        var els = jQuery('.skt-builder-block-inner-87'),\r\n            i = 0,\r\n            f = function () {\r\n                jQuery(els[i++]).addClass('fadeIn');\r\n                if(i < els.length) setTimeout(f, 400);\r\n            };\r\n        f();\r\n    }}\r\n\r\n});\r\n});\r\n<\/script>    <!-- sktbuilder starter --><script type=\"text\/javascript\" src=\"https:\/\/sue.ba\/wp-content\/plugins\/skt-builder\/sktbuilder\/sktbuilder-frontend-starter.js\"><\/script><script type=\"text\/javascript\" src=\"https:\/\/sue.ba\/wp-content\/plugins\/skt-builder\/sktbuilder-wordpress-driver.js\"><\/script><script type=\"text\/javascript\"> var starter = new SktbuilderStarter({\"mode\": \"prod\", \"skip\":[\"jquery\",\"underscore\",\"backbone\"],\"sktbuilderUrl\": \"https:\/\/sue.ba\/wp-content\/plugins\/skt-builder\/sktbuilder\/\", \"driver\": new SktbuilderWordpressDriver({\"ajaxUrl\": \"https:\/\/sue.ba\/wp-admin\/admin-ajax.php\", \"iframeUrl\": \"https:\/\/sue.ba\/en\/?sktbuilder=true\", \"pageId\": 12, \"pages\": [{\"title\":\"Gdje se nalazimo\",\"url\":\"https:\\\/\\\/sue.ba\\\/wp-admin\\\/post.php?post=53&action=sktbuilder\"},{\"title\":\"O nama\",\"url\":\"https:\\\/\\\/sue.ba\\\/wp-admin\\\/post.php?post=72&action=sktbuilder\"},{\"title\":\"Proizvodi\",\"url\":\"https:\\\/\\\/sue.ba\\\/wp-admin\\\/post.php?post=81&action=sktbuilder\"},{\"title\":\"Partneri\",\"url\":\"https:\\\/\\\/sue.ba\\\/wp-admin\\\/post.php?post=284&action=sktbuilder\"}], \"page\": \"Home\" }) });<\/script><!-- end sktbuilder starter -->","protected":false},"excerpt":{"rendered":"<p>Lider u implementaciji i odr\u017eavanju ure\u0111aja elektronike snageENERGOINVEST SUE ENERGOINVEST SUE ( Sistemi upravljanja energijom ) je kompanija koja se ve\u0107 preko 30 godina bavi sistemima za napajanje. Firma je osnovana 1979. godine od strane tima iz Instituta za automatiku i ra\u010dunarske nauke (Energoinvest \u2013 IRCA). U periodu od svog osnivanja do danas razvili smo<br \/><a class=\"moretag\" href=\"https:\/\/sue.ba\/en\/\">+ Read More<\/a><\/p>","protected":false},"author":1,"featured_media":0,"parent":0,"menu_order":0,"comment_status":"closed","ping_status":"closed","template":"templates\/page-builder.php","meta":{"om_disable_all_campaigns":false,"_monsterinsights_skip_tracking":false,"_monsterinsights_sitenote_active":false,"_monsterinsights_sitenote_note":"","_monsterinsights_sitenote_category":0},"aioseo_notices":[],"_links":{"self":[{"href":"https:\/\/sue.ba\/en\/wp-json\/wp\/v2\/pages\/12"}],"collection":[{"href":"https:\/\/sue.ba\/en\/wp-json\/wp\/v2\/pages"}],"about":[{"href":"https:\/\/sue.ba\/en\/wp-json\/wp\/v2\/types\/page"}],"author":[{"embeddable":true,"href":"https:\/\/sue.ba\/en\/wp-json\/wp\/v2\/users\/1"}],"replies":[{"embeddable":true,"href":"https:\/\/sue.ba\/en\/wp-json\/wp\/v2\/comments?post=12"}],"version-history":[{"count":13,"href":"https:\/\/sue.ba\/en\/wp-json\/wp\/v2\/pages\/12\/revisions"}],"predecessor-version":[{"id":702,"href":"https:\/\/sue.ba\/en\/wp-json\/wp\/v2\/pages\/12\/revisions\/702"}],"wp:attachment":[{"href":"https:\/\/sue.ba\/en\/wp-json\/wp\/v2\/media?parent=12"}],"curies":[{"name":"wp","href":"https:\/\/api.w.org\/{rel}","templated":true}]}}