{"id":129,"date":"2019-12-12T12:47:25","date_gmt":"2019-12-12T12:47:25","guid":{"rendered":"http:\/\/sue.ba\/?page_id=129"},"modified":"2021-03-04T07:36:50","modified_gmt":"2021-03-04T07:36:50","slug":"ispravljaci-i-invertori","status":"publish","type":"page","link":"https:\/\/sue.ba\/en\/ispravljaci-i-invertori\/","title":{"rendered":"Rectifiers and Inverters"},"content":{"rendered":"<hr class=\"wp-block-separator has-text-color has-background has-vivid-cyan-blue-background-color has-vivid-cyan-blue-color\"\/>\n\n\n\n<figure class=\"wp-block-image size-large\"><img loading=\"lazy\" width=\"649\" height=\"156\" src=\"http:\/\/sue.ba\/wp-content\/uploads\/2019\/12\/invertori.jpg\" alt=\"\" class=\"wp-image-356\" srcset=\"https:\/\/sue.ba\/wp-content\/uploads\/2019\/12\/invertori.jpg 649w, https:\/\/sue.ba\/wp-content\/uploads\/2019\/12\/invertori-300x72.jpg 300w, https:\/\/sue.ba\/wp-content\/uploads\/2019\/12\/invertori-16x4.jpg 16w\" sizes=\"(max-width: 649px) 100vw, 649px\" \/><\/figure>\n\n\n\n<p>Energoinvest SUE is an authorized representative of Bennig. A very wide range of Benning products for various purposes, the expertise of our company with many years of experience in the field of electricity and strong after-sales service support, allows our company a complete market entry with uninterruptible power supply systems tailored to critical consumers.<\/p>\n\n\n\n<p>In all areas of industry and public life, the number of electricity consumers who need to have backup power in case of failure of the grid power supply increases.<\/p>\n\n\n\n<p>Power supplies supported by rechargeable batteries are widely used in the field of monitoring and process control, powering electronic devices in the measuring and regulation sectors, and in the field of transfer and processing of data (telemetry, telecommunications, radio systems, etc.)<\/p>\n\n\n\n<h4><strong>Rectifiers<\/strong><\/h4>\n\n\n\n<figure class=\"wp-block-image size-large\"><img loading=\"lazy\" width=\"649\" height=\"232\" src=\"http:\/\/sue.ba\/wp-content\/uploads\/2019\/12\/19-pregled.jpg\" alt=\"\" class=\"wp-image-360\" srcset=\"https:\/\/sue.ba\/wp-content\/uploads\/2019\/12\/19-pregled.jpg 649w, https:\/\/sue.ba\/wp-content\/uploads\/2019\/12\/19-pregled-300x107.jpg 300w, https:\/\/sue.ba\/wp-content\/uploads\/2019\/12\/19-pregled-16x6.jpg 16w\" sizes=\"(max-width: 649px) 100vw, 649px\" \/><\/figure>\n\n\n\n<h4><strong>See the catalog:<\/strong><\/h4>\n\n\n\n<ul><li><a href=\"https:\/\/sue.ba\/wp-content\/uploads\/2019\/12\/Thyrotronic.pdf\">Thyristor rectifiers<\/a>&nbsp;&nbsp; Wide range of power, ie current and voltage for the most difficult working conditions.&nbsp;<\/li><li><a href=\"https:\/\/sue.ba\/wp-content\/uploads\/2019\/12\/Tebechop-4000.pdf\">Tebechop 4000<\/a>&nbsp;&nbsp;&nbsp;&nbsp;Switch-mode, hot plug rectifiers with natural cooling<\/li><li><a href=\"https:\/\/sue.ba\/wp-content\/uploads\/2019\/12\/Tebechop-3000-and-13500-HDi.pdf\">Tebechop 3000 i 13500 HDi<\/a>&nbsp;&nbsp;&nbsp;&nbsp;&nbsp;24V, 48V, 110V and 220V modular switch-mode rectifiers<\/li><li><a href=\"https:\/\/sue.ba\/wp-content\/uploads\/2019\/12\/Telecom-SlimLine-and-Tebechop.pdf\">Telecom SlimLine i Tebechop<\/a>&nbsp;&nbsp;&nbsp;&nbsp;Telecom (48V), thin, modular, switch-mode, hot plug rectifiers<\/li><li><a href=\"https:\/\/sue.ba\/wp-content\/uploads\/2019\/12\/Slimline-SE.pdf\">SE Telecom Series (48V)<\/a>, slim, modular, switch-mode, hot plug rectifiers with super-efficiency&nbsp;<\/li><\/ul>\n\n\n\n<hr class=\"wp-block-separator has-text-color has-background has-vivid-cyan-blue-background-color has-vivid-cyan-blue-color\"\/>\n\n\n\n<h4><strong>DC \/ DC converters<\/strong><\/h4>\n\n\n\n<p>See the catalog:&nbsp;&nbsp;<a href=\"https:\/\/sue.ba\/wp-content\/uploads\/2019\/12\/Tebechop_DCDC.pdf\">DC \/ DC converters<\/a>&nbsp;<\/p>\n\n\n\n<hr class=\"wp-block-separator has-text-color has-background has-vivid-cyan-blue-background-color has-vivid-cyan-blue-color\"\/>\n\n\n\n<h4>Inverters<\/h4>\n\n\n\n<p>&nbsp;<strong>&nbsp;<\/strong><strong>See the catalog:<\/strong><\/p>\n\n\n\n<ul><li><a href=\"https:\/\/sue.ba\/wp-content\/uploads\/2019\/12\/Invertronic-Compact.pdf\">Invertronic Compact<\/a>&nbsp;&nbsp;&nbsp;The 24VDC, 48VDC, 10VDC and 220VDC inverter modules are monophased, which combinations of 3000HDi and 12000HDi are flexible platforms for the design of AC \/ AC power systems.&nbsp;<\/li><li><a href=\"https:\/\/sue.ba\/wp-content\/uploads\/2019\/12\/Invertronic-Mdular.pdf\" target=\"_blank\" rel=\"noreferrer noopener\" aria-label=\" (opens in a new tab)\">Invertronic Modular<\/a>&nbsp;&nbsp;&nbsp;&nbsp;The hot-plug modular three-phase inverter is powered by 48V, 110V or 220V DC.<\/li><li><a href=\"https:\/\/sue.ba\/wp-content\/uploads\/2019\/12\/Invertronic.pdf\" target=\"_blank\" rel=\"noreferrer noopener\" aria-label=\" (opens in a new tab)\">Invertronic<\/a>&nbsp;&nbsp;&nbsp;&nbsp;24VDC and 48VDC inverter modules with single-phase output for telecom and industrial applications.<\/li><\/ul>\n\n\n\n<hr class=\"wp-block-separator has-text-color has-background has-vivid-cyan-blue-background-color has-vivid-cyan-blue-color\"\/>\n\n\n\n<h4>Rectifier systems<\/h4>\n\n\n\n<p> In Energoinvest - SUE, systems from low power with two or three modules in N + 1 configuration to high power systems with dozens of modules in parallel work with load sharing are \"cut\". <br>See the catalog <a class=\"rank-math-link rank-math-link\" href=\"https:\/\/sue.ba\/wp-content\/uploads\/2020\/01\/ISPRAVLJACKI-SISTEMI.pdf\">Rectifier systems<\/a><\/p>\n\n\n\n<p><\/p>\n\n\n\n<p><\/p>\n    <!-- sktbuilder starter --><script type=\"text\/javascript\" src=\"https:\/\/sue.ba\/wp-content\/plugins\/skt-builder\/sktbuilder\/sktbuilder-frontend-starter.js\"><\/script><script type=\"text\/javascript\" src=\"https:\/\/sue.ba\/wp-content\/plugins\/skt-builder\/sktbuilder-wordpress-driver.js\"><\/script><script type=\"text\/javascript\"> var starter = new SktbuilderStarter({\"mode\": \"prod\", \"skip\":[\"jquery\",\"underscore\",\"backbone\"],\"sktbuilderUrl\": \"https:\/\/sue.ba\/wp-content\/plugins\/skt-builder\/sktbuilder\/\", \"driver\": new SktbuilderWordpressDriver({\"ajaxUrl\": \"https:\/\/sue.ba\/wp-admin\/admin-ajax.php\", \"iframeUrl\": \"https:\/\/sue.ba\/en\/ispravljaci-i-invertori\/?sktbuilder=true\", \"pageId\": 129, \"pages\": [{\"title\":\"Home\",\"url\":\"https:\\\/\\\/sue.ba\\\/wp-admin\\\/post.php?post=12&action=sktbuilder\"},{\"title\":\"Gdje se nalazimo\",\"url\":\"https:\\\/\\\/sue.ba\\\/wp-admin\\\/post.php?post=53&action=sktbuilder\"},{\"title\":\"O nama\",\"url\":\"https:\\\/\\\/sue.ba\\\/wp-admin\\\/post.php?post=72&action=sktbuilder\"},{\"title\":\"Proizvodi\",\"url\":\"https:\\\/\\\/sue.ba\\\/wp-admin\\\/post.php?post=81&action=sktbuilder\"},{\"title\":\"Partneri\",\"url\":\"https:\\\/\\\/sue.ba\\\/wp-admin\\\/post.php?post=284&action=sktbuilder\"}], \"page\": \"Ispravlja\u010di i Invertori\" }) });<\/script><!-- end sktbuilder starter -->","protected":false},"excerpt":{"rendered":"<p>Energoinvest SUE je ovla\u0161teni zastupnik Benniga. Veoma \u0161iroka paleta Benning proizvoda za razne namjene, stru\u010dnost kadra na\u0161e kompanije sa dugogodi\u0161njim iskustvom na polju elektro &#8211; energetike i jaka servisna podr\u0161ka nakon prodaje, omogu\u0107ava na\u0161oj kompaniji kompletan nastup na tr\u017ei\u0161tu sa sistemima za besprekidno napajanje skrojenih po mjeri kriti\u0107nih potro\u0161a\u010da. U svim oblastima industrije i javnog<br \/><a class=\"moretag\" href=\"https:\/\/sue.ba\/en\/ispravljaci-i-invertori\/\">+ Read More<\/a><\/p>","protected":false},"author":1,"featured_media":375,"parent":0,"menu_order":0,"comment_status":"closed","ping_status":"closed","template":"templates\/page-fullwidth_template.php","meta":{"om_disable_all_campaigns":false,"_monsterinsights_skip_tracking":false,"_monsterinsights_sitenote_active":false,"_monsterinsights_sitenote_note":"","_monsterinsights_sitenote_category":0},"aioseo_notices":[],"_links":{"self":[{"href":"https:\/\/sue.ba\/en\/wp-json\/wp\/v2\/pages\/129"}],"collection":[{"href":"https:\/\/sue.ba\/en\/wp-json\/wp\/v2\/pages"}],"about":[{"href":"https:\/\/sue.ba\/en\/wp-json\/wp\/v2\/types\/page"}],"author":[{"embeddable":true,"href":"https:\/\/sue.ba\/en\/wp-json\/wp\/v2\/users\/1"}],"replies":[{"embeddable":true,"href":"https:\/\/sue.ba\/en\/wp-json\/wp\/v2\/comments?post=129"}],"version-history":[{"count":29,"href":"https:\/\/sue.ba\/en\/wp-json\/wp\/v2\/pages\/129\/revisions"}],"predecessor-version":[{"id":619,"href":"https:\/\/sue.ba\/en\/wp-json\/wp\/v2\/pages\/129\/revisions\/619"}],"wp:featuredmedia":[{"embeddable":true,"href":"https:\/\/sue.ba\/en\/wp-json\/wp\/v2\/media\/375"}],"wp:attachment":[{"href":"https:\/\/sue.ba\/en\/wp-json\/wp\/v2\/media?parent=129"}],"curies":[{"name":"wp","href":"https:\/\/api.w.org\/{rel}","templated":true}]}}