{"id":131,"date":"2019-12-12T12:51:00","date_gmt":"2019-12-12T12:51:00","guid":{"rendered":"http:\/\/sue.ba\/?page_id=131"},"modified":"2021-03-04T08:44:39","modified_gmt":"2021-03-04T08:44:39","slug":"akumulatorske-baterije","status":"publish","type":"page","link":"https:\/\/sue.ba\/en\/akumulatorske-baterije\/","title":{"rendered":"Batteries"},"content":{"rendered":"<p><strong>ENERGOINVEST SUE<\/strong>&nbsp;is an authorized distributor of Exide's batteries for their program in Bosnia and Herzegovina. Exide technology is the world's leader in the market of storing electrical energy. Exide batteries are used in uninterruptible power supply systems, in communication networks, data networks, UPS systems for computers and control systems, manufacturing and distribution of electrical energy and in a wide range of other industries.<\/p>\n\n\n\n<p>With experience of over 100 years and technological innovations, Exide batteries fully meet the strictest requirements for storage and supply of electricity.<\/p>\n\n\n\n<p>Exide Technology is proud of its involvement in the protection of the environment. All types of Exide batteries are completely recyclable.<\/p>\n\n\n\n<p>Exide batteries are divided into three main technological groups:<\/p>\n\n\n\n<ul><li><strong>AGM technology<\/strong><\/li><li><strong>DRYFIT technology<\/strong><\/li><li><strong>CLASSIC technology<\/strong><\/li><\/ul>\n\n\n\n<hr class=\"wp-block-separator has-text-color has-background has-vivid-cyan-blue-background-color has-vivid-cyan-blue-color\"\/>\n\n\n\n<p><\/p>\n\n\n\n<ul><li><a href=\"https:\/\/sue.ba\/en\/agm-tehnologija\/\">AGM technology<\/a><\/li><li><a href=\"https:\/\/sue.ba\/en\/classic-tehnologija\/\">CLASSIC tehnologija<\/a><\/li><li><a href=\"https:\/\/sue.ba\/en\/gel-dryfit-tehnologija\/\">GEL dryfit technology<\/a><\/li><li><a href=\"https:\/\/sue.ba\/wp-content\/uploads\/2019\/12\/pregled-stacionarnih-akumulatorskih-baterija.pdf\">Battery overview<\/a><\/li><\/ul>\n\n\n\n<hr class=\"wp-block-separator has-text-color has-background has-vivid-cyan-blue-background-color has-vivid-cyan-blue-color\"\/>\n\n\n\n<p><strong>Traction batteries <\/strong><\/p>\n\n\n\n<div class=\"wp-block-file\"><a href=\"https:\/\/sue.ba\/wp-content\/uploads\/2019\/12\/Trakcione-baterije.pdf\">Traction batteries<\/a><a href=\"https:\/\/sue.ba\/wp-content\/uploads\/2019\/12\/Trakcione-baterije.pdf\" class=\"wp-block-file__button\" download>Download<\/a><\/div>\n\n\n\n<hr class=\"wp-block-separator has-text-color has-background has-vivid-cyan-blue-background-color has-vivid-cyan-blue-color\"\/>\n\n\n\n<p><strong>Railway<\/strong><\/p>\n\n\n\n<div class=\"wp-block-file\"><a href=\"https:\/\/sue.ba\/wp-content\/uploads\/2019\/12\/Zeljeznica.pdf\">Railway<\/a><a href=\"https:\/\/sue.ba\/wp-content\/uploads\/2019\/12\/Zeljeznica.pdf\" class=\"wp-block-file__button\" download>Download<\/a><\/div>\n\n\n\n<hr class=\"wp-block-separator has-text-color has-background has-vivid-cyan-blue-background-color has-vivid-cyan-blue-color\"\/>\n    <!-- sktbuilder starter --><script type=\"text\/javascript\" src=\"https:\/\/sue.ba\/wp-content\/plugins\/skt-builder\/sktbuilder\/sktbuilder-frontend-starter.js\"><\/script><script type=\"text\/javascript\" src=\"https:\/\/sue.ba\/wp-content\/plugins\/skt-builder\/sktbuilder-wordpress-driver.js\"><\/script><script type=\"text\/javascript\"> var starter = new SktbuilderStarter({\"mode\": \"prod\", \"skip\":[\"jquery\",\"underscore\",\"backbone\"],\"sktbuilderUrl\": \"https:\/\/sue.ba\/wp-content\/plugins\/skt-builder\/sktbuilder\/\", \"driver\": new SktbuilderWordpressDriver({\"ajaxUrl\": \"https:\/\/sue.ba\/wp-admin\/admin-ajax.php\", \"iframeUrl\": \"https:\/\/sue.ba\/en\/akumulatorske-baterije\/?sktbuilder=true\", \"pageId\": 131, \"pages\": [{\"title\":\"Home\",\"url\":\"https:\\\/\\\/sue.ba\\\/wp-admin\\\/post.php?post=12&action=sktbuilder\"},{\"title\":\"Gdje se nalazimo\",\"url\":\"https:\\\/\\\/sue.ba\\\/wp-admin\\\/post.php?post=53&action=sktbuilder\"},{\"title\":\"O nama\",\"url\":\"https:\\\/\\\/sue.ba\\\/wp-admin\\\/post.php?post=72&action=sktbuilder\"},{\"title\":\"Proizvodi\",\"url\":\"https:\\\/\\\/sue.ba\\\/wp-admin\\\/post.php?post=81&action=sktbuilder\"},{\"title\":\"Partneri\",\"url\":\"https:\\\/\\\/sue.ba\\\/wp-admin\\\/post.php?post=284&action=sktbuilder\"}], \"page\": \"Akumulatorske Baterije\" }) });<\/script><!-- end sktbuilder starter -->","protected":false},"excerpt":{"rendered":"<p>ENERGOINVEST SUE&nbsp;je ovla\u0161teni zastupnik kompanije EXIDE za program njihovih baterija na podru\u010dju BiH. Exide tehnologija vodi na svjetskom tr\u017ei\u0161tu skladi\u0161tenja elektri\u010dne energije. Exide baterije nalaze primjenu u sistemima za besprekidna napajanja elektri\u010dnom energijom, u komunikacijskim mre\u017eama, mre\u017eama za prijenos podataka, UPS sistemima za ra\u010dunare i upravlja\u010dke sisteme, proizvodnji i distribuciji elektri\u010dne energije i \u0161irokom opsegu<br \/><a class=\"moretag\" href=\"https:\/\/sue.ba\/en\/akumulatorske-baterije\/\">+ Read More<\/a><\/p>","protected":false},"author":1,"featured_media":407,"parent":0,"menu_order":0,"comment_status":"closed","ping_status":"closed","template":"templates\/page-fullwidth_template.php","meta":{"om_disable_all_campaigns":false,"_monsterinsights_skip_tracking":false,"_monsterinsights_sitenote_active":false,"_monsterinsights_sitenote_note":"","_monsterinsights_sitenote_category":0},"aioseo_notices":[],"_links":{"self":[{"href":"https:\/\/sue.ba\/en\/wp-json\/wp\/v2\/pages\/131"}],"collection":[{"href":"https:\/\/sue.ba\/en\/wp-json\/wp\/v2\/pages"}],"about":[{"href":"https:\/\/sue.ba\/en\/wp-json\/wp\/v2\/types\/page"}],"author":[{"embeddable":true,"href":"https:\/\/sue.ba\/en\/wp-json\/wp\/v2\/users\/1"}],"replies":[{"embeddable":true,"href":"https:\/\/sue.ba\/en\/wp-json\/wp\/v2\/comments?post=131"}],"version-history":[{"count":12,"href":"https:\/\/sue.ba\/en\/wp-json\/wp\/v2\/pages\/131\/revisions"}],"predecessor-version":[{"id":624,"href":"https:\/\/sue.ba\/en\/wp-json\/wp\/v2\/pages\/131\/revisions\/624"}],"wp:featuredmedia":[{"embeddable":true,"href":"https:\/\/sue.ba\/en\/wp-json\/wp\/v2\/media\/407"}],"wp:attachment":[{"href":"https:\/\/sue.ba\/en\/wp-json\/wp\/v2\/media?parent=131"}],"curies":[{"name":"wp","href":"https:\/\/api.w.org\/{rel}","templated":true}]}}