{"id":146,"date":"2019-12-13T12:05:13","date_gmt":"2019-12-13T12:05:13","guid":{"rendered":"http:\/\/sue.ba\/?page_id=146"},"modified":"2021-03-04T08:46:37","modified_gmt":"2021-03-04T08:46:37","slug":"diesel-agregati","status":"publish","type":"page","link":"https:\/\/sue.ba\/en\/diesel-agregati\/","title":{"rendered":"Diesel Gensets"},"content":{"rendered":"<hr class=\"wp-block-separator has-text-color has-background has-vivid-cyan-blue-background-color has-vivid-cyan-blue-color\"\/>\n\n\n\n<p><strong>5.5 \u2013 22 kVA<\/strong><\/p>\n\n\n\n<p>Suitable for a variety of applications including construction, residential and telecommunications. This power range is specifically designed for optimal performance in the toughest environments. Versions with metal or polymer housing are possible.<\/p>\n\n\n\n<figure class=\"wp-block-table\"><table class=\"\"><tbody><tr><td><strong>Label<\/strong><\/td><td><strong>kVA&nbsp;&nbsp;<\/strong><\/td><td><strong>kW&nbsp;<\/strong><\/td><\/tr><tr><td><a href=\"https:\/\/www.fgwilson.com\/cda\/files\/3624809\/7\/K6-3S(4PP)GB(0812).pdf\"><strong>K 6-3S<\/strong><\/a><\/td><td>5.5 \/ 6.0<\/td><td>5.5 \/ 6.0<\/td><\/tr><tr><td><a href=\"https:\/\/www.fgwilson.com\/cda\/files\/3625022\/7\/K7.5-1(4PP)GB(0812).pdf\"><strong>K 7.5-1<\/strong><\/a><\/td><td>6.5 \/ 7.5<\/td><td>5.2 \/ 6.0<\/td><\/tr><tr><td><a href=\"https:\/\/www.fgwilson.com\/cda\/files\/3625040\/7\/K7.5-1S(4PP)GB(0812).pdf\"><strong>K 7.5-1S<\/strong><\/a><\/td><td>6.5 \/ 7.5<\/td><td>6.5 \/ 7.5<\/td><\/tr><tr><td><a href=\"https:\/\/www.fgwilson.com\/cda\/files\/3624810\/7\/K9.5-1(4PP)GB(0812).pdf\"><strong>K 9.5-1<\/strong><\/a><\/td><td>8.5 \/ 9.5<\/td><td>6.8 \/ 7.6<\/td><\/tr><tr><td><a href=\"https:\/\/www.fgwilson.com\/cda\/files\/3625021\/7\/K10-1S(4PP)GB(0812).pdf\"><strong>K10-1S<\/strong><\/a><\/td><td>9.0 \/ 10.0<\/td><td>9.0 \/ 10.0<\/td><\/tr><tr><td><a href=\"https:\/\/www.fgwilson.com\/cda\/files\/3624811\/7\/K12.5-1(4PP)GB(0812).pdf\"><strong>K12.5-1<\/strong><\/a><\/td><td>11.0 \/ 12.5<\/td><td>8.8 \/ 10.0<\/td><\/tr><\/tbody><\/table><\/figure>\n\n\n\n<hr class=\"wp-block-separator has-text-color has-background has-vivid-cyan-blue-background-color has-vivid-cyan-blue-color\"\/>\n\n\n\n<p><strong>26 \u2013 220 kVA<\/strong><\/p>\n\n\n\n<p>The logical arrangement of components ensures ease of servicing. The design in the housing is a combination of robust galvanized construction with reinforced corners and unique modular chambers. Made from high quality composite materials, they offer excellent resistance to corrosion and damage from handling, and represent a true leader in the industry.<\/p>\n\n\n\n<figure class=\"wp-block-table\"><table class=\"\"><tbody><tr><td><strong>Label<\/strong><\/td><td><strong>kVA<\/strong><\/td><td><strong>kW&nbsp;<\/strong><\/td><\/tr><tr><td><a href=\"http:\/\/www.fgwilson.com\/cda\/files\/2076241\/7\/P26-1S(4PP)GB(0612).pdf\"><strong>P 26-1S<\/strong><\/a><\/td><td>24.0 \/ 26.0<\/td><td>24.0 \/ 26.0<\/td><\/tr><tr><td><a href=\"http:\/\/www.fgwilson.com\/cda\/files\/2081141\/7\/P33-1(4PP)GB(0612).pdf\"><strong>P 33-1<\/strong><\/a><\/td><td>30.0 \/ 33.0<\/td><td>24.0 \/ 26.4<\/td><\/tr><tr><td><a href=\"http:\/\/www.fgwilson.com\/cda\/files\/2105082\/7\/P35-1S(4PP)GB(0211).pdf\"><strong>P 35-1S<\/strong><\/a><\/td><td>32.0 \/ 35.0<\/td><td>32.0 \/ 35.0<\/td><\/tr><tr><td><a href=\"http:\/\/www.fgwilson.com\/cda\/files\/2117582\/7\/P35-3S(4PP)GB(0211).pdf\"><strong>P 35-3S<\/strong><\/a><\/td><td>32.0 \/ 35.0<\/td><td>32.0 \/ 35.0<\/td><\/tr><tr><td><a href=\"http:\/\/www.fgwilson.com\/cda\/files\/2117602\/7\/P44-1(4PP)GB(0211).pdf\"><strong>P 44-1<\/strong><\/a><\/td><td>40.0 \/ 44.0<\/td><td>32.0 \/ 35.2<\/td><\/tr><tr><td><a href=\"http:\/\/www.fgwilson.com\/cda\/files\/2117643\/7\/P50-1(4PP)GB(1012).pdf\"><strong>P 50-1<\/strong><\/a><\/td><td>45.0 \/ 50.0<\/td><td>36.0 \/ 40.0<\/td><\/tr><tr><td><a href=\"http:\/\/www.fgwilson.com\/cda\/files\/2117645\/7\/P50-1S(4PP)GB(0211).pdf\"><strong>P 50-1S<\/strong><\/a><\/td><td>45.0 \/ 50.0<\/td><td>45.0 \/ 50.0<\/td><\/tr><tr><td><a href=\"http:\/\/www.fgwilson.com\/cda\/files\/2117561\/7\/P50-3S(4PP)GB(0211).pdf\"><strong>P 50-3S<\/strong><\/a><\/td><td>45.0 \/ 50.0<\/td><td>45.0 \/ 50.0<\/td><\/tr><tr><td><a href=\"http:\/\/www.fgwilson.com\/cda\/files\/2119021\/7\/P55-1(4PP)GB(1012).pdf\"><strong>P 55-1<\/strong><\/a><\/td><td>50.0 \/ 55.0<\/td><td>40.0 \/ 44.0<\/td><\/tr><tr><td><a href=\"http:\/\/www.fgwilson.com\/cda\/files\/2104941\/7\/P65-1(4PP)GB(1012).pdf\"><strong>P 65-1<\/strong><\/a><\/td><td>60.0 \/ 65.0<\/td><td>48.0 \/ 52.0<\/td><\/tr><tr><td><a href=\"http:\/\/www.fgwilson.com\/cda\/files\/2119298\/7\/P65-3(4PP)GB(0211).pdf\"><strong>P 65-3<\/strong><\/a><\/td><td>60.0 \/ 65.0<\/td><td>48.0 \/ 52.0<\/td><\/tr><tr><td><a href=\"http:\/\/www.fgwilson.com\/cda\/files\/2065883\/7\/P88-1(4PP)GB(1012).pdf\"><strong>P 88-1<\/strong><\/a><\/td><td>80.0 \/ 88.0<\/td><td>64.0 \/ 70.4<\/td><\/tr><tr><td><a href=\"http:\/\/www.fgwilson.com\/cda\/files\/2105023\/7\/P150-1(4PP)GB(1012).pdf\"><strong>P150-1<\/strong><\/a><\/td><td>135.0 \/ 150.0<\/td><td>108.0 \/ 120.0<\/td><\/tr><tr><td><a href=\"http:\/\/www.fgwilson.com\/cda\/files\/2081161\/7\/P165-1(4PP)GB(1012).pdf\"><strong>P165-1<\/strong><\/a><\/td><td>150.0 \/ 165.0<\/td><td>120.0 \/ 132.0<\/td><\/tr><\/tbody><\/table><\/figure>\n\n\n\n<hr class=\"wp-block-separator has-text-color has-background has-vivid-cyan-blue-background-color has-vivid-cyan-blue-color\"\/>\n\n\n\n<p><strong>200 to 275 kVA<\/strong><\/p>\n\n\n\n<p>As power grows, we come to a range of aggregates where new personalities appear, such as the possibility of synchronization. With many features that are standard, including the fact that they can be lifted and pulled by connecting to just one point, these units are easy to maneuver when placed in the final location, no matter how inconvenient this one is.<\/p>\n\n\n\n<figure class=\"wp-block-table\"><table class=\"\"><tbody><tr><td><strong>Label<\/strong><\/td><td><strong>kVA<\/strong><\/td><td><strong>kW<\/strong><\/td><\/tr><tr><td><a href=\"http:\/\/www.fgwilson.com\/cda\/files\/534463\/7\/P200H2-P220HE2(4PP)GB(0211).pdf\"><strong>P200H2-P220HE2<\/strong><\/a><\/td><td>200.0 \/ 220.0<\/td><td>160.0 \/ 176.0<\/td><\/tr><tr><td><a href=\"http:\/\/www.fgwilson.com\/cda\/files\/2761660\/7\/P220H-2GB(0611).pdf\"><strong>P220H-2<\/strong><\/a><\/td><td>200.0 \/ 220.0<\/td><td>160.0 \/ 176.0<\/td><\/tr><tr><td><a href=\"http:\/\/www.fgwilson.com\/cda\/files\/534705\/7\/P230H2-P250HE2(4PP)GB(0211).pdf\"><strong>P230H2-P250HE2<\/strong><\/a><\/td><td>230.0 \/ 250.0<\/td><td>184.0 \/ 200.0<\/td><\/tr><tr><td><a href=\"http:\/\/www.fgwilson.com\/cda\/files\/2761661\/7\/P250H-2GB(0611).pdf\"><strong>P250H-2<\/strong><\/a><\/td><td>230.0 \/ 250.0<\/td><td>184.0 \/ 200.0<\/td><\/tr><tr><td><a href=\"http:\/\/www.fgwilson.com\/cda\/files\/534612\/7\/P250H2-P275HE2(4PP)GB(0311).pdf\"><strong>P250H2-P275HE2<\/strong><\/a><\/td><td>250.0 \/ 275.0<\/td><td>200.0 \/ 220.0<\/td><\/tr><\/tbody><\/table><\/figure>\n\n\n\n<hr class=\"wp-block-separator has-text-color has-background has-vivid-cyan-blue-background-color has-vivid-cyan-blue-color\"\/>\n\n\n\n<p><strong>350\u00a0to\u00a0750 kVA<\/strong><\/p>\n\n\n\n<p>This range of generators has \u2018electronic\u2019 engines, which can be optimized either in terms of emissions or fuel consumption, thus reducing operating costs. This kind of electronic surveillance, protection and management, provide you with worry-free operation. This range is characterized by compactness and small floor plan.&nbsp;<\/p>\n\n\n\n<figure class=\"wp-block-table\"><table class=\"\"><tbody><tr><td><strong>Label<\/strong><\/td><td><strong>kVA<\/strong><\/td><td><strong>kW<\/strong><\/td><\/tr><tr><td><a href=\"http:\/\/www.fgwilson.com\/cda\/files\/1133200\/7\/P350P5-P400E5(4PP)GB(0910).pdf\"><strong>P350P5 \/ P400E5<\/strong><\/a><\/td><td>350.0 \/ 400.0<\/td><td>280.0 \/ 320.0<\/td><\/tr><tr><td><a href=\"http:\/\/www.fgwilson.com\/cda\/files\/1133148\/7\/P400P5-P450E5(4PP)GB(0910).pdf\"><strong>P400P5 \/ P450E5<\/strong><\/a><\/td><td>400.0 \/ 450.0<\/td><td>320.0 \/ 360.0<\/td><\/tr><tr><td><a href=\"http:\/\/www.fgwilson.com\/cda\/files\/369296\/7\/P450P3-P500E3(4PP)GB(0910).pdf\"><strong>P450P3 \/ P500E3<\/strong><\/a><\/td><td>450.0 \/ 500.0<\/td><td>360.0 \/ 400.0<\/td><\/tr><tr><td><a href=\"http:\/\/www.fgwilson.com\/cda\/files\/369298\/7\/P500P3-P550E3(4PP)GB(0910).pdf\"><strong>P500P3 \/ P550E3<\/strong><\/a><\/td><td>500.0 \/ 550.0<\/td><td>400.0 \/ 440.0<\/td><\/tr><tr><td><a href=\"http:\/\/www.fgwilson.com\/cda\/files\/445861\/7\/P550P5-P605E5(4PP)GB(0910).pdf\"><strong>P550P5 \/ P605E5<\/strong><\/a><\/td><td>550.0 \/ 605.0<\/td><td>440.0 \/ 484.0<\/td><\/tr><tr><td><a href=\"http:\/\/www.fgwilson.com\/cda\/files\/445843\/7\/P600P5-P660E5(4PP)GB(0910).pdf\"><strong>P600P5 \/ P660E5<\/strong><\/a><\/td><td>600.0 \/ 660.0<\/td><td>480.0 \/ 528.0<\/td><\/tr><tr><td><a href=\"http:\/\/www.fgwilson.com\/cda\/files\/445844\/7\/P635P5-P700E5(4PP)GB(0910).pdf\"><strong>P635P5 \/ P700E5<\/strong><\/a><\/td><td>635.0 \/ 700.0<\/td><td>508.0 \/ 560.0<\/td><\/tr><\/tbody><\/table><\/figure>\n\n\n\n<hr class=\"wp-block-separator has-text-color has-background has-vivid-cyan-blue-background-color has-vivid-cyan-blue-color\"\/>\n\n\n\n<p><strong>455 to 750 kVA<\/strong><\/p>\n\n\n\n<p>This range of aggregates represents the pinnacle and new standard in this industry, and is the result of a focus in the last 45 years on performance, durability and ease of service, combined with the most advanced production methods.<\/p>\n\n\n\n<figure class=\"wp-block-table\"><table class=\"\"><tbody><tr><td><strong>Label<\/strong><\/td><td><strong>kVA<\/strong><\/td><td><strong>kW<\/strong><\/td><\/tr><tr><td><a href=\"http:\/\/www.fgwilson.com\/cda\/files\/3208300\/7\/P500-1(4PP)GB(1012).pdf\"><strong>P500-1<\/strong><\/a><\/td><td>455.0 \/ 500.0<\/td><td>364.0 \/ 400.0<\/td><\/tr><tr><td><a href=\"http:\/\/www.fgwilson.com\/cda\/files\/3208307\/7\/P550-1(4PP)GB(1012).pdf\"><strong>P550-1<\/strong><\/a><\/td><td>500.0 \/ 550.0<\/td><td>400.0 \/ 440.0<\/td><\/tr><tr><td><a href=\"http:\/\/www.fgwilson.com\/cda\/files\/3208303\/7\/P605-1(4PP)GB(0812).pdf\"><strong>P605-1<\/strong><\/a><\/td><td>550.0 \/ 605.0<\/td><td>440.0 \/ 484.0<\/td><\/tr><tr><td><a href=\"http:\/\/www.fgwilson.com\/cda\/files\/3208306\/7\/P700-1(4PP)GB(0812).pdf\"><strong>P700-1<\/strong><\/a><\/td><td>635.0 \/ 700.0<\/td><td>508.0 \/ 560.0<\/td><\/tr><\/tbody><\/table><\/figure>\n\n\n\n<hr class=\"wp-block-separator has-text-color has-background has-vivid-cyan-blue-background-color has-vivid-cyan-blue-color\"\/>\n\n\n\n<p><strong>730 to 2,500 kVA<\/strong><\/p>\n\n\n\n<p>Proven in work, this range of aggregates is able to provide a reliable source for critical applications: mini exchanges, data centers, large factories, airports, hospitals, large shopping malls, as well as in the financial sector. \u201850<sup>o<\/sup>C package 'is an option for operation at ambient temperatures up to 50<sup>o<\/sup>C. Specially tailored housings for weather protection and noise propagation protection can satisfy any application.&nbsp;<\/p>\n\n\n\n<figure class=\"wp-block-table\"><table class=\"\"><tbody><tr><td><a><strong>Label<\/strong><\/a><\/td><td><strong>kVA<\/strong><\/td><td><strong>kW<\/strong><\/td><\/tr><tr><td><strong>\u2022&nbsp;<a href=\"http:\/\/www.fgwilson.com\/cda\/files\/236787\/7\/P730P1-P800E1(4PP)GB(1111).pdf\"><strong>P 730P1 \/ P800E1<\/strong><\/a><\/strong><\/td><td>730.0 \/ 800.0<\/td><td>584.0 \/ 640.0<\/td><\/tr><tr><td><strong>\u2022&nbsp;<a href=\"http:\/\/www.fgwilson.com\/cda\/files\/590102\/7\/P800P1-P900E1(4PP)GB(1111).pdf\"><strong>P 800P1 \/ P900E1<\/strong><\/a><\/strong><\/td><td>800.0 \/ 900.0<\/td><td>640.0 \/ 720.0<\/td><\/tr><tr><td><strong>\u2022&nbsp;<a href=\"http:\/\/www.fgwilson.com\/cda\/files\/240920\/7\/P910P1-P1000E1(4PP)GB(1111).pdf\"><strong>P 910P1 \/ P1000E1<\/strong><\/a><\/strong><\/td><td>910.0 \/ 1000.0<\/td><td>728.0 \/ 800.0<\/td><\/tr><tr><td><strong>\u2022&nbsp;<a href=\"http:\/\/www.fgwilson.com\/cda\/files\/236736\/7\/P1000P1-P1100E1(4PP)GB(1111).pdf\"><strong>P1000P1 \/ P1100E1<\/strong><\/a><\/strong><\/td><td>1000.0 \/ 1100.0<\/td><td>800.0 \/ 880.0<\/td><\/tr><tr><td><strong>\u2022&nbsp;<a href=\"http:\/\/www.fgwilson.com\/cda\/files\/407399\/7\/P1250P3-P1375E3(4PP)GB(11110).pdf\"><strong>P1250P3 \/ P1375E3<\/strong><\/a><\/strong><\/td><td>1250.0 \/ 1375.0<\/td><td>1000.0 \/ 1100.0<\/td><\/tr><tr><td><strong>\u2022&nbsp;<a href=\"http:\/\/www.fgwilson.com\/cda\/files\/407401\/7\/P1350P1-P1500E1(4PP)GB(1111).pdf\"><strong>P1350P1 \/ P1500E1<\/strong><\/a><\/strong><\/td><td>1350.0 \/ 1500.0<\/td><td>1080.0 \/ 1200.0<\/td><\/tr><tr><td><strong>\u2022&nbsp;<a href=\"http:\/\/www.fgwilson.com\/cda\/files\/407403\/7\/P1500P3-P1650E3(4PP)GB(1111).pdf\"><strong>P1500P3 \/ P1650E3<\/strong><\/a><\/strong><\/td><td>1500.0 \/ 1650.0<\/td><td>1200.0 \/ 1320.0<\/td><\/tr><tr><td><strong>\u2022&nbsp;<a href=\"http:\/\/www.fgwilson.com\/cda\/files\/407404\/7\/P1700P1-P1875E1(4PP)GB(1111).pdf\"><strong>P1700P1 \/ P1875E1<\/strong><\/a><\/strong><\/td><td>1700.0 \/ 1875.0<\/td><td>1360.0 \/ 1500.0<\/td><\/tr><tr><td><strong>\u2022&nbsp;<a href=\"http:\/\/www.fgwilson.com\/cda\/files\/236749\/7\/P1750-P1925E(4PP)GB(1111).pdf\"><strong>P1750 \/ P1925E<\/strong><\/a><\/strong><\/td><td>1750.0 \/ 1925.0<\/td><td>1400.0 \/ 1540.0<\/td><\/tr><tr><td><strong>\u2022&nbsp;<a href=\"http:\/\/www.fgwilson.com\/cda\/files\/236750\/7\/P1825-P2000E(4PP)GB(1111).pdf\"><strong>P1825 \/ P2000E<\/strong><\/a><\/strong><\/td><td>1825.1 \/ 2000.0<\/td><td>1460.1 \/ 1600.0<\/td><\/tr><tr><td><strong>\u2022&nbsp;<a href=\"http:\/\/www.fgwilson.com\/cda\/files\/236752\/7\/P2000-P2200E(4PP)GB(1111).pdf\"><strong>P2000 \/ P2200E<\/strong><\/a><\/strong><\/td><td>2000.0 \/ 2200.0<\/td><td>1600.0 \/ 1760.0<\/td><\/tr><\/tbody><\/table><\/figure>\n\n\n\n<hr class=\"wp-block-separator has-text-color has-background has-vivid-cyan-blue-background-color has-vivid-cyan-blue-color\"\/>\n\n\n\n<p> For more information, send us an inquiry via the contact form<\/p>\n\n\n\n<hr class=\"wp-block-separator has-text-color has-background has-vivid-cyan-blue-background-color has-vivid-cyan-blue-color\"\/>\n\n\n\n<div class=\"wpcf7 no-js\" id=\"wpcf7-f156-o1\" lang=\"en-US\" dir=\"ltr\">\n<div class=\"screen-reader-response\"><p role=\"status\" aria-live=\"polite\" aria-atomic=\"true\"><\/p> <ul><\/ul><\/div>\n<form action=\"\/en\/wp-json\/wp\/v2\/pages\/146#wpcf7-f156-o1\" method=\"post\" class=\"wpcf7-form init\" aria-label=\"Contact form\" novalidate=\"novalidate\" data-status=\"init\" data-trp-original-action=\"\/en\/wp-json\/wp\/v2\/pages\/146#wpcf7-f156-o1\">\n<div style=\"display: none;\">\n<input type=\"hidden\" name=\"_wpcf7\" value=\"156\" \/>\n<input type=\"hidden\" name=\"_wpcf7_version\" value=\"5.7.5.1\" \/>\n<input type=\"hidden\" name=\"_wpcf7_locale\" value=\"en_US\" \/>\n<input type=\"hidden\" name=\"_wpcf7_unit_tag\" value=\"wpcf7-f156-o1\" \/>\n<input type=\"hidden\" name=\"_wpcf7_container_post\" value=\"0\" \/>\n<input type=\"hidden\" name=\"_wpcf7_posted_data_hash\" value=\"\" \/>\n<\/div>\n<p><label> Name<br \/>\n<span class=\"wpcf7-form-control-wrap\" data-name=\"your-name\"><input size=\"40\" class=\"wpcf7-form-control wpcf7-text wpcf7-validates-as-required\" aria-required=\"true\" aria-invalid=\"false\" value=\"\" type=\"text\" name=\"your-name\" \/><\/span> <\/label>\n<\/p>\n<p><label> E-mail<br \/>\n<span class=\"wpcf7-form-control-wrap\" data-name=\"your-email\"><input size=\"40\" class=\"wpcf7-form-control wpcf7-text wpcf7-email wpcf7-validates-as-required wpcf7-validates-as-email\" aria-required=\"true\" aria-invalid=\"false\" value=\"\" type=\"email\" name=\"your-email\" \/><\/span> <\/label>\n<\/p>\n<p><label> Subject<br \/>\n<span class=\"wpcf7-form-control-wrap\" data-name=\"your-subject\"><input size=\"40\" class=\"wpcf7-form-control wpcf7-text\" aria-invalid=\"false\" value=\"\" type=\"text\" name=\"your-subject\" \/><\/span> <\/label>\n<\/p>\n<p><label> Message<br \/>\n<span class=\"wpcf7-form-control-wrap\" data-name=\"your-message\"><textarea cols=\"40\" rows=\"10\" class=\"wpcf7-form-control wpcf7-textarea\" aria-invalid=\"false\" name=\"your-message\"><\/textarea><\/span> <\/label><br \/>\n<div id=\"cf7sr-69d83aa865cc1\" class=\"cf7sr-g-recaptcha\" data-theme=\"light\" data-type=\"image\" data-size=\"normal\" data-sitekey=\"6Ld-8coUAAAAAOsgqRdCC9yB9KKQV7dvfpS7Srp2\"><\/div><span class=\"wpcf7-form-control-wrap cf7sr-recaptcha\" data-name=\"cf7sr-recaptcha\"><input type=\"hidden\" name=\"cf7sr-recaptcha\" value=\"\" class=\"wpcf7-form-control\"><\/span><br \/>\n<input class=\"wpcf7-form-control has-spinner wpcf7-submit\" type=\"submit\" value=\"Send\" \/>\n<\/p><div class=\"wpcf7-response-output\" aria-hidden=\"true\"><\/div>\n<input type=\"hidden\" name=\"trp-form-language\" value=\"en\"\/><\/form>\n<\/div>\n\n    <!-- sktbuilder starter --><script type=\"text\/javascript\" src=\"https:\/\/sue.ba\/wp-content\/plugins\/skt-builder\/sktbuilder\/sktbuilder-frontend-starter.js\"><\/script><script type=\"text\/javascript\" src=\"https:\/\/sue.ba\/wp-content\/plugins\/skt-builder\/sktbuilder-wordpress-driver.js\"><\/script><script type=\"text\/javascript\"> var starter = new SktbuilderStarter({\"mode\": \"prod\", \"skip\":[\"jquery\",\"underscore\",\"backbone\"],\"sktbuilderUrl\": \"https:\/\/sue.ba\/wp-content\/plugins\/skt-builder\/sktbuilder\/\", \"driver\": new SktbuilderWordpressDriver({\"ajaxUrl\": \"https:\/\/sue.ba\/wp-admin\/admin-ajax.php\", \"iframeUrl\": \"https:\/\/sue.ba\/en\/diesel-agregati\/?sktbuilder=true\", \"pageId\": 146, \"pages\": [{\"title\":\"Home\",\"url\":\"https:\\\/\\\/sue.ba\\\/wp-admin\\\/post.php?post=12&action=sktbuilder\"},{\"title\":\"Gdje se nalazimo\",\"url\":\"https:\\\/\\\/sue.ba\\\/wp-admin\\\/post.php?post=53&action=sktbuilder\"},{\"title\":\"O nama\",\"url\":\"https:\\\/\\\/sue.ba\\\/wp-admin\\\/post.php?post=72&action=sktbuilder\"},{\"title\":\"Proizvodi\",\"url\":\"https:\\\/\\\/sue.ba\\\/wp-admin\\\/post.php?post=81&action=sktbuilder\"},{\"title\":\"Partneri\",\"url\":\"https:\\\/\\\/sue.ba\\\/wp-admin\\\/post.php?post=284&action=sktbuilder\"}], \"page\": \"Diesel Agregati\" }) });<\/script><!-- end sktbuilder starter -->","protected":false},"excerpt":{"rendered":"<p>5.5 \u2013 22 kVA Pogodni za razne primjene uklju\u010duju\u0107i gra\u0111evinarstvo, stambene objekte i&nbsp;telekomunikacije. Ovaj opseg snaga je posebno dizajniran za optimalan rad u najte\u017eim okru\u017eenjima. Mogu\u0107e su izvedbe sa metalnim ili polimer ku\u0107i\u0161tem. Oznaka kVA&nbsp;&nbsp; kW&nbsp; K 6-3S 5.5 \/ 6.0 5.5 \/ 6.0 K 7.5-1 6.5 \/ 7.5 5.2 \/ 6.0 K 7.5-1S 6.5<br \/><a class=\"moretag\" href=\"https:\/\/sue.ba\/en\/diesel-agregati\/\">+ Read More<\/a><\/p>","protected":false},"author":1,"featured_media":162,"parent":0,"menu_order":0,"comment_status":"closed","ping_status":"closed","template":"templates\/page-fullwidth_template.php","meta":{"om_disable_all_campaigns":false,"_monsterinsights_skip_tracking":false,"_monsterinsights_sitenote_active":false,"_monsterinsights_sitenote_note":"","_monsterinsights_sitenote_category":0},"aioseo_notices":[],"_links":{"self":[{"href":"https:\/\/sue.ba\/en\/wp-json\/wp\/v2\/pages\/146"}],"collection":[{"href":"https:\/\/sue.ba\/en\/wp-json\/wp\/v2\/pages"}],"about":[{"href":"https:\/\/sue.ba\/en\/wp-json\/wp\/v2\/types\/page"}],"author":[{"embeddable":true,"href":"https:\/\/sue.ba\/en\/wp-json\/wp\/v2\/users\/1"}],"replies":[{"embeddable":true,"href":"https:\/\/sue.ba\/en\/wp-json\/wp\/v2\/comments?post=146"}],"version-history":[{"count":10,"href":"https:\/\/sue.ba\/en\/wp-json\/wp\/v2\/pages\/146\/revisions"}],"predecessor-version":[{"id":625,"href":"https:\/\/sue.ba\/en\/wp-json\/wp\/v2\/pages\/146\/revisions\/625"}],"wp:featuredmedia":[{"embeddable":true,"href":"https:\/\/sue.ba\/en\/wp-json\/wp\/v2\/media\/162"}],"wp:attachment":[{"href":"https:\/\/sue.ba\/en\/wp-json\/wp\/v2\/media?parent=146"}],"curies":[{"name":"wp","href":"https:\/\/api.w.org\/{rel}","templated":true}]}}