{"id":267,"date":"2019-12-23T08:47:08","date_gmt":"2019-12-23T08:47:08","guid":{"rendered":"http:\/\/sue.ba\/?page_id=267"},"modified":"2021-02-26T07:26:23","modified_gmt":"2021-02-26T07:26:23","slug":"servis-i-podrska","status":"publish","type":"page","link":"https:\/\/sue.ba\/en\/servis-i-podrska\/","title":{"rendered":"Service and Support"},"content":{"rendered":"<hr class=\"wp-block-separator has-text-color has-background has-vivid-cyan-blue-background-color has-vivid-cyan-blue-color\"\/>\n\n\n\n<p>ENERGOINVEST SUE is a company that offers a complete service in terms of delivery, installation, commissioning, service and technical support, in the warranty period, as well as outside the warranty period, we also provide original spare parts for a period of at least 10 years after implementation.<\/p>\n\n\n\n<p>ENERGOINVEST SUE is completely technically equipped and has trained staff in all the fields of its activities. We possess a permanent stock of all necessary equipment parts and complete devices for servicing and maintenance. Our department for implementation and service uses state of the art testing equipment and equipment for service. We also own a vehicels for delivery, commissioning and servicing of equipment.<\/p>\n\n\n\n<p>In addition to regular service team, an emergency team is on duty 24 hours a day for emergency interventions (banks, hospitals, telecommunication centers and Telecom Power Industry, etc.) Engineers from other departments can also be engaged for service purposes, if needed. According to customer requirements we organize trainings for staff who will be working, handling and maintaining of installed equipment.<\/p>\n\n\n\n<p>Professionally trained staff with years of experience in dealing with power supply equipment, quality technical equipment and our stock with genuine spare parts and new equipment from our program, present a guarantee that we can fulfill all the requirements of our customers. <\/p>\n\n\n\n<hr class=\"wp-block-separator has-text-color has-background has-vivid-cyan-blue-background-color has-vivid-cyan-blue-color\"\/>\n\n\n\n<p><strong>We are here to help<\/strong><\/p>\n\n\n\n<p>If you would like to report a technical problem via the form click on \"Report a technical problem\" and we will contact you as soon as possible. <\/p>\n\n\n\n<hr class=\"wp-block-separator has-text-color has-background has-vivid-cyan-blue-background-color has-vivid-cyan-blue-color\"\/>\n\n\n\n<p><a href=\"http:\/\/sue.ba\/en\/prijava\/\"> Report a technical problem <\/a><\/p>\n    <!-- sktbuilder starter --><script type=\"text\/javascript\" src=\"https:\/\/sue.ba\/wp-content\/plugins\/skt-builder\/sktbuilder\/sktbuilder-frontend-starter.js\"><\/script><script type=\"text\/javascript\" src=\"https:\/\/sue.ba\/wp-content\/plugins\/skt-builder\/sktbuilder-wordpress-driver.js\"><\/script><script type=\"text\/javascript\"> var starter = new SktbuilderStarter({\"mode\": \"prod\", \"skip\":[\"jquery\",\"underscore\",\"backbone\"],\"sktbuilderUrl\": \"https:\/\/sue.ba\/wp-content\/plugins\/skt-builder\/sktbuilder\/\", \"driver\": new SktbuilderWordpressDriver({\"ajaxUrl\": \"https:\/\/sue.ba\/wp-admin\/admin-ajax.php\", \"iframeUrl\": \"https:\/\/sue.ba\/en\/servis-i-podrska\/?sktbuilder=true\", \"pageId\": 267, \"pages\": [{\"title\":\"Home\",\"url\":\"https:\\\/\\\/sue.ba\\\/wp-admin\\\/post.php?post=12&action=sktbuilder\"},{\"title\":\"Gdje se nalazimo\",\"url\":\"https:\\\/\\\/sue.ba\\\/wp-admin\\\/post.php?post=53&action=sktbuilder\"},{\"title\":\"O nama\",\"url\":\"https:\\\/\\\/sue.ba\\\/wp-admin\\\/post.php?post=72&action=sktbuilder\"},{\"title\":\"Proizvodi\",\"url\":\"https:\\\/\\\/sue.ba\\\/wp-admin\\\/post.php?post=81&action=sktbuilder\"},{\"title\":\"Partneri\",\"url\":\"https:\\\/\\\/sue.ba\\\/wp-admin\\\/post.php?post=284&action=sktbuilder\"}], \"page\": \"Servis i podr\u0161ka\" }) });<\/script><!-- end sktbuilder starter -->","protected":false},"excerpt":{"rendered":"<p>ENERGOINVEST SUE je firma koja kupcu nudi kompletnu uslugu u smislu isporuke, monta\u017ee, pu\u0161tanja u pogon, servisa i tehni\u010dke podr\u0161ke, kako u garantnom, tako i u vangarantnom periodu, obezbje\u0111uju\u0107i pri tome originalne rezervne dijelove u periodu od minimalno 10 godina nakon implementacije. ENERGOINVEST SUE je&nbsp;tehni\u010dki i kadrovski potpuno opremljena i osposobljena&nbsp;za sve&nbsp;aktivnosti iz navedenih oblasti.<br \/><a class=\"moretag\" href=\"https:\/\/sue.ba\/en\/servis-i-podrska\/\">+ Read More<\/a><\/p>","protected":false},"author":1,"featured_media":271,"parent":0,"menu_order":0,"comment_status":"closed","ping_status":"closed","template":"templates\/page-fullwidth_template.php","meta":{"om_disable_all_campaigns":false,"_monsterinsights_skip_tracking":false,"_monsterinsights_sitenote_active":false,"_monsterinsights_sitenote_note":"","_monsterinsights_sitenote_category":0},"aioseo_notices":[],"_links":{"self":[{"href":"https:\/\/sue.ba\/en\/wp-json\/wp\/v2\/pages\/267"}],"collection":[{"href":"https:\/\/sue.ba\/en\/wp-json\/wp\/v2\/pages"}],"about":[{"href":"https:\/\/sue.ba\/en\/wp-json\/wp\/v2\/types\/page"}],"author":[{"embeddable":true,"href":"https:\/\/sue.ba\/en\/wp-json\/wp\/v2\/users\/1"}],"replies":[{"embeddable":true,"href":"https:\/\/sue.ba\/en\/wp-json\/wp\/v2\/comments?post=267"}],"version-history":[{"count":11,"href":"https:\/\/sue.ba\/en\/wp-json\/wp\/v2\/pages\/267\/revisions"}],"predecessor-version":[{"id":609,"href":"https:\/\/sue.ba\/en\/wp-json\/wp\/v2\/pages\/267\/revisions\/609"}],"wp:featuredmedia":[{"embeddable":true,"href":"https:\/\/sue.ba\/en\/wp-json\/wp\/v2\/media\/271"}],"wp:attachment":[{"href":"https:\/\/sue.ba\/en\/wp-json\/wp\/v2\/media?parent=267"}],"curies":[{"name":"wp","href":"https:\/\/api.w.org\/{rel}","templated":true}]}}