{"id":331,"date":"2019-12-23T13:34:19","date_gmt":"2019-12-23T13:34:19","guid":{"rendered":"http:\/\/sue.ba\/?page_id=331"},"modified":"2021-03-04T08:52:22","modified_gmt":"2021-03-04T08:52:22","slug":"kompenzatori","status":"publish","type":"page","link":"https:\/\/sue.ba\/en\/kompenzatori\/","title":{"rendered":"Power Factor Correction"},"content":{"rendered":"<h4> <strong>RATIONALIZATION OF ELECTRICITY CONSUMPTION<\/strong> <\/h4>\n\n\n\n<hr class=\"wp-block-separator has-text-color has-background has-vivid-cyan-blue-background-color has-vivid-cyan-blue-color\"\/>\n\n\n\n<p>Energoinvest SUE d.d. Sarajevo offers in its production program&nbsp;<\/p>\n\n\n\n<hr class=\"wp-block-separator has-text-color has-background has-vivid-cyan-blue-background-color has-vivid-cyan-blue-color\"\/>\n\n\n\n<ul><li>Design and manufacture of reactive electricity compensation devices<\/li><li>Design and manufacture of peak load control devices<\/li><li>Preparation of a study on the rationalization of electricity consumption<\/li><li>Measurement of electricity consumption and network parameters<\/li><li>Delivery and installation of equipment, adjustment and commissioning<\/li><li>Device service, service and overhaul of equipment from other manufacturers<br>&nbsp;<\/li><\/ul>\n\n\n\n<hr class=\"wp-block-separator has-text-color has-background has-vivid-cyan-blue-background-color has-vivid-cyan-blue-color\"\/>\n\n\n\n<div class=\"wp-block-file\"><a href=\"https:\/\/sue.ba\/wp-content\/uploads\/2019\/12\/racionalizacija-potrosnje-el.-energije.pdf\">See the catalog<\/a><a href=\"https:\/\/sue.ba\/wp-content\/uploads\/2019\/12\/racionalizacija-potrosnje-el.-energije.pdf\" class=\"wp-block-file__button\" download>Download<\/a><\/div>\n\n\n\n<p><\/p>\n    <!-- sktbuilder starter --><script type=\"text\/javascript\" src=\"https:\/\/sue.ba\/wp-content\/plugins\/skt-builder\/sktbuilder\/sktbuilder-frontend-starter.js\"><\/script><script type=\"text\/javascript\" src=\"https:\/\/sue.ba\/wp-content\/plugins\/skt-builder\/sktbuilder-wordpress-driver.js\"><\/script><script type=\"text\/javascript\"> var starter = new SktbuilderStarter({\"mode\": \"prod\", \"skip\":[\"jquery\",\"underscore\",\"backbone\"],\"sktbuilderUrl\": \"https:\/\/sue.ba\/wp-content\/plugins\/skt-builder\/sktbuilder\/\", \"driver\": new SktbuilderWordpressDriver({\"ajaxUrl\": \"https:\/\/sue.ba\/wp-admin\/admin-ajax.php\", \"iframeUrl\": \"https:\/\/sue.ba\/en\/kompenzatori\/?sktbuilder=true\", \"pageId\": 331, \"pages\": [{\"title\":\"Home\",\"url\":\"https:\\\/\\\/sue.ba\\\/wp-admin\\\/post.php?post=12&action=sktbuilder\"},{\"title\":\"Gdje se nalazimo\",\"url\":\"https:\\\/\\\/sue.ba\\\/wp-admin\\\/post.php?post=53&action=sktbuilder\"},{\"title\":\"O nama\",\"url\":\"https:\\\/\\\/sue.ba\\\/wp-admin\\\/post.php?post=72&action=sktbuilder\"},{\"title\":\"Proizvodi\",\"url\":\"https:\\\/\\\/sue.ba\\\/wp-admin\\\/post.php?post=81&action=sktbuilder\"},{\"title\":\"Partneri\",\"url\":\"https:\\\/\\\/sue.ba\\\/wp-admin\\\/post.php?post=284&action=sktbuilder\"}], \"page\": \"Kompenzatori\" }) });<\/script><!-- end sktbuilder starter -->","protected":false},"excerpt":{"rendered":"<p>RACIONALIZACIJA POTRO\u0160NJE ELEKTRI\u010cNE ENERGIJE Energoinvest SUE d.d. Sarajevo u svom proizvodnom programu nudi&nbsp; Projektovanje i proizvodnju ure\u0111aja za kompenzaciju reaktivne elektri\u010dne energije Projektovanje i proizvodnju ure\u0111aja za kontrolu vr\u0161nog optere\u0107enja Izradu studije o racionalizaciji potro\u0161nje elektri\u010dne energije Mjerenje potro\u0161nje elektri\u010dne energije i parametara mre\u017ee Isporuku i monta\u017eu opreme, pode\u0161enje i pu\u0161tanje u pogon Servis ure\u0111aja,<br \/><a class=\"moretag\" href=\"https:\/\/sue.ba\/en\/kompenzatori\/\">+ Read More<\/a><\/p>","protected":false},"author":1,"featured_media":341,"parent":0,"menu_order":0,"comment_status":"closed","ping_status":"closed","template":"templates\/page-fullwidth_template.php","meta":{"om_disable_all_campaigns":false,"_monsterinsights_skip_tracking":false,"_monsterinsights_sitenote_active":false,"_monsterinsights_sitenote_note":"","_monsterinsights_sitenote_category":0},"aioseo_notices":[],"_links":{"self":[{"href":"https:\/\/sue.ba\/en\/wp-json\/wp\/v2\/pages\/331"}],"collection":[{"href":"https:\/\/sue.ba\/en\/wp-json\/wp\/v2\/pages"}],"about":[{"href":"https:\/\/sue.ba\/en\/wp-json\/wp\/v2\/types\/page"}],"author":[{"embeddable":true,"href":"https:\/\/sue.ba\/en\/wp-json\/wp\/v2\/users\/1"}],"replies":[{"embeddable":true,"href":"https:\/\/sue.ba\/en\/wp-json\/wp\/v2\/comments?post=331"}],"version-history":[{"count":5,"href":"https:\/\/sue.ba\/en\/wp-json\/wp\/v2\/pages\/331\/revisions"}],"predecessor-version":[{"id":626,"href":"https:\/\/sue.ba\/en\/wp-json\/wp\/v2\/pages\/331\/revisions\/626"}],"wp:featuredmedia":[{"embeddable":true,"href":"https:\/\/sue.ba\/en\/wp-json\/wp\/v2\/media\/341"}],"wp:attachment":[{"href":"https:\/\/sue.ba\/en\/wp-json\/wp\/v2\/media?parent=331"}],"curies":[{"name":"wp","href":"https:\/\/api.w.org\/{rel}","templated":true}]}}