{"id":429,"date":"2019-12-24T11:24:46","date_gmt":"2019-12-24T11:24:46","guid":{"rendered":"http:\/\/sue.ba\/?page_id=429"},"modified":"2021-03-03T13:41:16","modified_gmt":"2021-03-03T13:41:16","slug":"classic-tehnologija","status":"publish","type":"page","link":"https:\/\/sue.ba\/en\/classic-tehnologija\/","title":{"rendered":"CLASSIC technology"},"content":{"rendered":"<figure class=\"wp-block-image\"><img src=\"http:\/\/sue.ba\/sue\/files\/image\/proizvodi\/baterije\/classic_logo.png\" alt=\"\"\/><\/figure>\n\n\n\n<figure class=\"wp-block-image\"><img src=\"http:\/\/sue.ba\/sue\/files\/image\/proizvodi\/baterije\/classic_1.png\" alt=\"\"\/><\/figure>\n\n\n\n<p>Classic batteries are conventional lead-acid batteries, which use a liquid electrolyte. They reliably accumulate energy with proven technology and have been successfully used for decades to provide uninterruptible power supply in the field of telecommunications, UPS systems, electricity distribution, information centers, security systems, emergency lighting, etc. In all places where a safe and quality power supply is needed, Classic batteries are an absolutely reliable source of energy.<\/p>\n\n\n\n<ul><li>Rated voltage: 2, 6 and 12 V<\/li><li>Capacity: 75 to 12000 Ah<\/li><li>Batteries have a long life, depending on the type of battery from 12 to 25 years<\/li><li>Frequent replenishment is not required due to the large volume of electrolytes and reduced antimony content.<\/li><li>They are very robust - the case is made of the highest quality transparent plastic<\/li><li>Very little gas development<\/li><li>Short self-discharge time<\/li><li>Completely recyclable<\/li><li>Very high reliability even when working in the most difficult conditions.<br>&nbsp;<\/li><\/ul>\n\n\n\n<p><strong>See catalog:<\/strong><\/p>\n\n\n\n<div class=\"wp-container-1 wp-block-group\"><div class=\"wp-block-group__inner-container\">\n<div class=\"wp-block-file\"><a href=\"https:\/\/sue.ba\/wp-content\/uploads\/2019\/12\/Classic-Energy_OGi_bloc_int.pdf\">Classic-Energy_OGi_bloc_int<\/a><a href=\"https:\/\/sue.ba\/wp-content\/uploads\/2019\/12\/Classic-Energy_OGi_bloc_int.pdf\" class=\"wp-block-file__button\" download>Download<\/a><\/div>\n\n\n\n<div class=\"wp-block-file\"><a href=\"https:\/\/sue.ba\/wp-content\/uploads\/2021\/02\/GNB_Classic_OGi_en.pdf\">GNB_Classic_OGi_EN<\/a><a href=\"https:\/\/sue.ba\/wp-content\/uploads\/2021\/02\/GNB_Classic_OGi_en.pdf\" class=\"wp-block-file__button\" download>Download<\/a><\/div>\n\n\n\n<div class=\"wp-block-file\"><a href=\"https:\/\/sue.ba\/wp-content\/uploads\/2019\/12\/Classic_EPzS_int.pdf\">Classic_EPzS_int<\/a><a href=\"https:\/\/sue.ba\/wp-content\/uploads\/2019\/12\/Classic_EPzS_int.pdf\" class=\"wp-block-file__button\" download>Download<\/a><\/div>\n\n\n\n<div class=\"wp-block-file\"><a href=\"https:\/\/sue.ba\/wp-content\/uploads\/2019\/12\/Classic_Groe_t_en.pdf\">Classic_Groe_t_en<\/a><a href=\"https:\/\/sue.ba\/wp-content\/uploads\/2019\/12\/Classic_Groe_t_en.pdf\" class=\"wp-block-file__button\" download>Download<\/a><\/div>\n\n\n\n<div class=\"wp-block-file\"><a href=\"https:\/\/sue.ba\/wp-content\/uploads\/2019\/12\/Classic_OCSM_p_en.pdf\">Classic_OCSM_p_en<\/a><a href=\"https:\/\/sue.ba\/wp-content\/uploads\/2019\/12\/Classic_OCSM_p_en.pdf\" class=\"wp-block-file__button\" download>Download<\/a><\/div>\n\n\n\n<div class=\"wp-block-file\"><a href=\"https:\/\/sue.ba\/wp-content\/uploads\/2019\/12\/Classic_Opzs_t_int.pdf\">Classic_Opzs_t_int<\/a><a href=\"https:\/\/sue.ba\/wp-content\/uploads\/2019\/12\/Classic_Opzs_t_int.pdf\" class=\"wp-block-file__button\" download>Download<\/a><\/div>\n\n\n\n<div class=\"wp-block-file\"><a href=\"https:\/\/sue.ba\/wp-content\/uploads\/2019\/12\/Classic_Solar_t_int.pdf\">Classic_Solar_t_int<\/a><a href=\"https:\/\/sue.ba\/wp-content\/uploads\/2019\/12\/Classic_Solar_t_int.pdf\" class=\"wp-block-file__button\" download>Download<\/a><\/div>\n<\/div><\/div>\n    <!-- sktbuilder starter --><script type=\"text\/javascript\" src=\"https:\/\/sue.ba\/wp-content\/plugins\/skt-builder\/sktbuilder\/sktbuilder-frontend-starter.js\"><\/script><script type=\"text\/javascript\" src=\"https:\/\/sue.ba\/wp-content\/plugins\/skt-builder\/sktbuilder-wordpress-driver.js\"><\/script><script type=\"text\/javascript\"> var starter = new SktbuilderStarter({\"mode\": \"prod\", \"skip\":[\"jquery\",\"underscore\",\"backbone\"],\"sktbuilderUrl\": \"https:\/\/sue.ba\/wp-content\/plugins\/skt-builder\/sktbuilder\/\", \"driver\": new SktbuilderWordpressDriver({\"ajaxUrl\": \"https:\/\/sue.ba\/wp-admin\/admin-ajax.php\", \"iframeUrl\": \"https:\/\/sue.ba\/en\/classic-tehnologija\/?sktbuilder=true\", \"pageId\": 429, \"pages\": [{\"title\":\"Home\",\"url\":\"https:\\\/\\\/sue.ba\\\/wp-admin\\\/post.php?post=12&action=sktbuilder\"},{\"title\":\"Gdje se nalazimo\",\"url\":\"https:\\\/\\\/sue.ba\\\/wp-admin\\\/post.php?post=53&action=sktbuilder\"},{\"title\":\"O nama\",\"url\":\"https:\\\/\\\/sue.ba\\\/wp-admin\\\/post.php?post=72&action=sktbuilder\"},{\"title\":\"Proizvodi\",\"url\":\"https:\\\/\\\/sue.ba\\\/wp-admin\\\/post.php?post=81&action=sktbuilder\"},{\"title\":\"Partneri\",\"url\":\"https:\\\/\\\/sue.ba\\\/wp-admin\\\/post.php?post=284&action=sktbuilder\"}], \"page\": \"Classic Tehnologija\" }) });<\/script><!-- end sktbuilder starter -->","protected":false},"excerpt":{"rendered":"<p>Classic baterije su konvencionalne olovne baterije, koje koriste te\u010dni elektrolit. Pouzdano akumuliraju energiju sa dokazanom tehnologijom i ve\u0107 desetinama godina pronalaze uspje\u0161nu primjenu kod obezbje\u0111enja besprekidnog napajanja u oblasti telekomunkacija, za UPS sisteme, distribuciji elektri\u010dne energije, informati\u010dkim centrima, sigurnosnim sistemima, za nu\u017enu rasvjetu itd. Na svim mjestima gdje je potrebno sigurno i kvalitetno napajanje, Classic<br \/><a class=\"moretag\" href=\"https:\/\/sue.ba\/en\/classic-tehnologija\/\">+ Read More<\/a><\/p>","protected":false},"author":1,"featured_media":434,"parent":0,"menu_order":0,"comment_status":"closed","ping_status":"closed","template":"templates\/page-fullwidth_template.php","meta":{"om_disable_all_campaigns":false,"_monsterinsights_skip_tracking":false,"_monsterinsights_sitenote_active":false,"_monsterinsights_sitenote_note":"","_monsterinsights_sitenote_category":0},"aioseo_notices":[],"_links":{"self":[{"href":"https:\/\/sue.ba\/en\/wp-json\/wp\/v2\/pages\/429"}],"collection":[{"href":"https:\/\/sue.ba\/en\/wp-json\/wp\/v2\/pages"}],"about":[{"href":"https:\/\/sue.ba\/en\/wp-json\/wp\/v2\/types\/page"}],"author":[{"embeddable":true,"href":"https:\/\/sue.ba\/en\/wp-json\/wp\/v2\/users\/1"}],"replies":[{"embeddable":true,"href":"https:\/\/sue.ba\/en\/wp-json\/wp\/v2\/comments?post=429"}],"version-history":[{"count":6,"href":"https:\/\/sue.ba\/en\/wp-json\/wp\/v2\/pages\/429\/revisions"}],"predecessor-version":[{"id":615,"href":"https:\/\/sue.ba\/en\/wp-json\/wp\/v2\/pages\/429\/revisions\/615"}],"wp:featuredmedia":[{"embeddable":true,"href":"https:\/\/sue.ba\/en\/wp-json\/wp\/v2\/media\/434"}],"wp:attachment":[{"href":"https:\/\/sue.ba\/en\/wp-json\/wp\/v2\/media?parent=429"}],"curies":[{"name":"wp","href":"https:\/\/api.w.org\/{rel}","templated":true}]}}