{"id":446,"date":"2019-12-24T11:42:59","date_gmt":"2019-12-24T11:42:59","guid":{"rendered":"http:\/\/sue.ba\/?page_id=446"},"modified":"2021-03-03T14:09:43","modified_gmt":"2021-03-03T14:09:43","slug":"gel-dryfit-tehnologija","status":"publish","type":"page","link":"https:\/\/sue.ba\/en\/gel-dryfit-tehnologija\/","title":{"rendered":"GEL dryfit technology"},"content":{"rendered":"<hr class=\"wp-block-separator has-text-color has-background has-vivid-cyan-blue-background-color has-vivid-cyan-blue-color\"\/>\n\n\n\n<h5>GEL dryfit technology<\/h5>\n\n\n\n<figure class=\"wp-block-image\"><img src=\"http:\/\/sue.ba\/sue\/files\/image\/gel_logo.png\" alt=\"\"\/><\/figure>\n\n\n\n<figure class=\"wp-block-image\"><img src=\"http:\/\/sue.ba\/sue\/files\/image\/gel_1.png\" alt=\"\"\/><\/figure>\n\n\n\n<p>Complex GEL technology has been mastered only by the world's strongest manufacturers, where the leading position is occupied by the EXIDE GmbH group. EXIDE has been a manufacturer of both GEL and AGM batteries for over 30 years.<\/p>\n\n\n\n<p><strong>Here are the most significant advantages and recommendations of the manufacturer for the use of GEL technology. These advantages provide exceptional reliability and longer life of GEL batteries.<\/strong><\/p>\n\n\n\n<p>In the field of telecommunications, Sonnenschein (GEL) long-lasting maintenance-free batteries are irreplaceable. They are also used in public institutions (hospitals, post offices, etc.), for emergency lighting, for security systems, on railways, etc. In all places where a safe and quality power supply is needed, Sonnenschein batteries are an absolutely reliable source of energy.<\/p>\n\n\n\n<p>Quality, reliability and economy of Sonnenschein batteries are the most important advantages of using advanced dryfit (GEL) technology. The batteries have an extremely wide capacity range from 1 to 3500 Ah and a long life of up to 18 years.<\/p>\n\n\n\n<p><strong>Resistance to temperature escape<br><\/strong>Due to the larger amount of electrolyte, the cell \/ block itself has a higher thermal capacity, which makes it resistant to temperature escape. Namely, with AGM technology, if the battery is exposed to an elevated temperature, its internal resistance increases, which increases losses, and thus the temperature, which can lead to temperature escape and damage to the device.<\/p>\n\n\n\n<p><strong>Deep discharge protection<\/strong><br>Due to the higher amount of electrolyte, with GEL technology, even after deep discharge, the electrolyte still retains enough conductivity to start charging. With AGM, it is not possible to start charging after a deep discharge, because the electrolyte has lost conductivity.<\/p>\n\n\n\n<p><strong>No acid stratification<\/strong>i.e. changes in cell height.<\/p>\n\n\n\n<p><strong>Larger space between electrodes<\/strong>&nbsp;allows the acceptance of the \"electrode growth\" that occurs with aging<\/p>\n\n\n\n<p><strong>It is possible to use tubular plates<\/strong>&nbsp;that better retain the active mass between the plates.<\/p>\n\n\n\n<p><strong>Higher cycling power according to IEC 896-2.&nbsp;<\/strong><\/p>\n\n\n\n<p><strong>See the catalog:<\/strong><\/p>\n\n\n\n<div class=\"wp-block-file\"><a href=\"https:\/\/sue.ba\/wp-content\/uploads\/2021\/02\/GNB_Sonnenschein_A400_Carbon_EN_0.pdf\">Sonnenschein_A400_EN_<\/a><a href=\"https:\/\/sue.ba\/wp-content\/uploads\/2021\/02\/GNB_Sonnenschein_A400_Carbon_EN_0.pdf\" class=\"wp-block-file__button\" download>Download<\/a><\/div>\n\n\n\n<div class=\"wp-block-file\"><a href=\"https:\/\/sue.ba\/wp-content\/uploads\/2019\/12\/Sonnenschein_A412_120FT_en.pdf\">Sonnenschein_A412_120FT_en<\/a><a href=\"https:\/\/sue.ba\/wp-content\/uploads\/2019\/12\/Sonnenschein_A412_120FT_en.pdf\" class=\"wp-block-file__button\" download>Download<\/a><\/div>\n\n\n\n<div class=\"wp-block-file\"><a href=\"https:\/\/sue.ba\/wp-content\/uploads\/2019\/12\/Sonnenschein_A500_t_en.pdf\">Sonnenschein_A500_t_en<\/a><a href=\"https:\/\/sue.ba\/wp-content\/uploads\/2019\/12\/Sonnenschein_A500_t_en.pdf\" class=\"wp-block-file__button\" download>Download<\/a><\/div>\n\n\n\n<div class=\"wp-block-file\"><a href=\"https:\/\/sue.ba\/wp-content\/uploads\/2019\/12\/Sonnenschein_A600_t_int.pdf\">Sonnenschein_A600_t_int<\/a><a href=\"https:\/\/sue.ba\/wp-content\/uploads\/2019\/12\/Sonnenschein_A600_t_int.pdf\" class=\"wp-block-file__button\" download>Download<\/a><\/div>\n\n\n\n<div class=\"wp-block-file\"><a href=\"https:\/\/sue.ba\/wp-content\/uploads\/2019\/12\/Sonnenschein_PowerCycle.pdf\">Sonnenschein_PowerCycle<\/a><a href=\"https:\/\/sue.ba\/wp-content\/uploads\/2019\/12\/Sonnenschein_PowerCycle.pdf\" class=\"wp-block-file__button\" download>Download<\/a><\/div>\n\n\n\n<div class=\"wp-block-file\"><a href=\"https:\/\/sue.ba\/wp-content\/uploads\/2019\/12\/Sonnenschein_Solar_int.pdf\">Sonnenschein_Solar_int<\/a><a href=\"https:\/\/sue.ba\/wp-content\/uploads\/2019\/12\/Sonnenschein_Solar_int.pdf\" class=\"wp-block-file__button\" download>Download<\/a><\/div>\n\n\n\n<p><\/p>\n    <!-- sktbuilder starter --><script type=\"text\/javascript\" src=\"https:\/\/sue.ba\/wp-content\/plugins\/skt-builder\/sktbuilder\/sktbuilder-frontend-starter.js\"><\/script><script type=\"text\/javascript\" src=\"https:\/\/sue.ba\/wp-content\/plugins\/skt-builder\/sktbuilder-wordpress-driver.js\"><\/script><script type=\"text\/javascript\"> var starter = new SktbuilderStarter({\"mode\": \"prod\", \"skip\":[\"jquery\",\"underscore\",\"backbone\"],\"sktbuilderUrl\": \"https:\/\/sue.ba\/wp-content\/plugins\/skt-builder\/sktbuilder\/\", \"driver\": new SktbuilderWordpressDriver({\"ajaxUrl\": \"https:\/\/sue.ba\/wp-admin\/admin-ajax.php\", \"iframeUrl\": \"https:\/\/sue.ba\/en\/gel-dryfit-tehnologija\/?sktbuilder=true\", \"pageId\": 446, \"pages\": [{\"title\":\"Home\",\"url\":\"https:\\\/\\\/sue.ba\\\/wp-admin\\\/post.php?post=12&action=sktbuilder\"},{\"title\":\"Gdje se nalazimo\",\"url\":\"https:\\\/\\\/sue.ba\\\/wp-admin\\\/post.php?post=53&action=sktbuilder\"},{\"title\":\"O nama\",\"url\":\"https:\\\/\\\/sue.ba\\\/wp-admin\\\/post.php?post=72&action=sktbuilder\"},{\"title\":\"Proizvodi\",\"url\":\"https:\\\/\\\/sue.ba\\\/wp-admin\\\/post.php?post=81&action=sktbuilder\"},{\"title\":\"Partneri\",\"url\":\"https:\\\/\\\/sue.ba\\\/wp-admin\\\/post.php?post=284&action=sktbuilder\"}], \"page\": \"GEL dryfit tehnologija\" }) });<\/script><!-- end sktbuilder starter -->","protected":false},"excerpt":{"rendered":"<p>GEL dryfit tehnologija Slo\u017eenom GEL tehnologijom su ovladali samo najja\u010di svjetski proizvo\u0111a\u010di, gdje vode\u0107e mjesto zauzima grupacija EXIDE GmbH. EXIDE je proizvo\u0111a\u010d i GEL i AGM baterija ve\u0107 vi\u0161e od 30 godina. Navodimo najzna\u010dajnije prednosti i preporuke proizvo\u0111a\u010da za kori\u0161tenje GEL tehnologije. Navedene prednosti obezbje\u0111uju izuzetnu pouzdanost i du\u017ei \u017eivotni vijek GEL baterija. U oblasti<br \/><a class=\"moretag\" href=\"https:\/\/sue.ba\/en\/gel-dryfit-tehnologija\/\">+ Read More<\/a><\/p>","protected":false},"author":1,"featured_media":434,"parent":0,"menu_order":0,"comment_status":"closed","ping_status":"closed","template":"templates\/page-fullwidth_template.php","meta":{"om_disable_all_campaigns":false,"_monsterinsights_skip_tracking":false,"_monsterinsights_sitenote_active":false,"_monsterinsights_sitenote_note":"","_monsterinsights_sitenote_category":0},"aioseo_notices":[],"_links":{"self":[{"href":"https:\/\/sue.ba\/en\/wp-json\/wp\/v2\/pages\/446"}],"collection":[{"href":"https:\/\/sue.ba\/en\/wp-json\/wp\/v2\/pages"}],"about":[{"href":"https:\/\/sue.ba\/en\/wp-json\/wp\/v2\/types\/page"}],"author":[{"embeddable":true,"href":"https:\/\/sue.ba\/en\/wp-json\/wp\/v2\/users\/1"}],"replies":[{"embeddable":true,"href":"https:\/\/sue.ba\/en\/wp-json\/wp\/v2\/comments?post=446"}],"version-history":[{"count":5,"href":"https:\/\/sue.ba\/en\/wp-json\/wp\/v2\/pages\/446\/revisions"}],"predecessor-version":[{"id":616,"href":"https:\/\/sue.ba\/en\/wp-json\/wp\/v2\/pages\/446\/revisions\/616"}],"wp:featuredmedia":[{"embeddable":true,"href":"https:\/\/sue.ba\/en\/wp-json\/wp\/v2\/media\/434"}],"wp:attachment":[{"href":"https:\/\/sue.ba\/en\/wp-json\/wp\/v2\/media?parent=446"}],"curies":[{"name":"wp","href":"https:\/\/api.w.org\/{rel}","templated":true}]}}