{"id":53,"date":"2019-12-06T09:24:57","date_gmt":"2019-12-06T09:24:57","guid":{"rendered":"http:\/\/sue.ba\/?page_id=53"},"modified":"2019-12-28T12:36:15","modified_gmt":"2019-12-28T12:36:15","slug":"kontakt","status":"publish","type":"page","link":"https:\/\/sue.ba\/en\/kontakt\/","title":{"rendered":"Where Are We"},"content":{"rendered":"<div id=\"sktbuilder-map-block-42\" class=\"sktbuilder-block sktbuilder-map\">\r\n    <div class=\"qb-container\">\r\n          <div class=\"sktbuilder-header\">\r\n                    <div class=\"sktbuilder-header__description sktbuilder-header-map__description sktbuilder-header__description_color_black\">\r\n                       <p><br><\/p>\r\n                    <\/div>\r\n           <\/div>\r\n    <\/div>\r\n     <div class=\"sktbuilder-map__wrapper\">\r\n            <iframe class=\"sktbuilder-map__map\" src=\"https:\/\/www.google.com\/maps\/embed?pb&#x3D;!1m14!1m8!1m3!1d2877.8694879411614!2d18.313158!3d43.837804!3m2!1i1024!2i768!4f13.1!3m3!1m2!1s0x0%3A0x9fecea0bf1a0e02!2sENERGOINVEST-SUE!5e0!3m2!1sen!2sus!4v1575640271737!5m2!1sen!2sus&quot; width&#x3D;&quot;600&quot; height&#x3D;&quot;450&quot; frameborder&#x3D;&quot;0&quot; style&#x3D;&quot;border:0;&quot; allowfullscreen&#x3D;&quot;&quot;&gt;&lt;\/iframe&gt;\" style=\"border:0; height: 400px; width: 100%;\" frameborder=\"0\" allowfullscreen><\/iframe>\r\n        <\/div>\r\n<\/div><div id=\"skt-builder-shortcode-block-49\" class=\"skt-builder-block-wrapper skt-builder-shortcode-block skt-builder-shortcode-block-49\" style=\"background-color: #ffffff; background-image: url(); padding-bottom: 50px; padding-top: 60px; \">\r\n\t<div class=\"skt-builder-block-inner skt-builder-block-inner-49\" style=\"\">\r\n\t\t<div class=\"skt-builder-container\">\r\n\t\t\t\t<div class=\"skt-builder-block-title\">\r\n\t\t\t\t\t<h2 style=\"color: #282828; text-align: left;\">Contact us<\/h2>\r\n\t\t\t\t<\/div>\r\n                <div class=\"skt-builder-block-description\"><p>How can we help you?<\/p><p>Didn't find all the answers you were looking for on our site?<\/p><p>If you have any inquiry, comment or suggestion please contact us.<\/p><\/div>\r\n\t\t\t\t<div class=\"skt-builder-shortcode\"><p>\n<div class=\"wpcf7 no-js\" id=\"wpcf7-f156-o1\" lang=\"en-US\" dir=\"ltr\">\n<div class=\"screen-reader-response\"><p role=\"status\" aria-live=\"polite\" aria-atomic=\"true\"><\/p> <ul><\/ul><\/div>\n<form action=\"\/en\/wp-json\/wp\/v2\/pages\/53#wpcf7-f156-o1\" method=\"post\" class=\"wpcf7-form init\" aria-label=\"Contact form\" novalidate=\"novalidate\" data-status=\"init\" data-trp-original-action=\"\/en\/wp-json\/wp\/v2\/pages\/53#wpcf7-f156-o1\">\n<div style=\"display: none;\">\n<input type=\"hidden\" name=\"_wpcf7\" value=\"156\" \/>\n<input type=\"hidden\" name=\"_wpcf7_version\" value=\"5.7.5.1\" \/>\n<input type=\"hidden\" name=\"_wpcf7_locale\" value=\"en_US\" \/>\n<input type=\"hidden\" name=\"_wpcf7_unit_tag\" value=\"wpcf7-f156-o1\" \/>\n<input type=\"hidden\" name=\"_wpcf7_container_post\" value=\"0\" \/>\n<input type=\"hidden\" name=\"_wpcf7_posted_data_hash\" value=\"\" \/>\n<\/div>\n<p><label> Name<br \/>\n<span class=\"wpcf7-form-control-wrap\" data-name=\"your-name\"><input size=\"40\" class=\"wpcf7-form-control wpcf7-text wpcf7-validates-as-required\" aria-required=\"true\" aria-invalid=\"false\" value=\"\" type=\"text\" name=\"your-name\" \/><\/span> <\/label>\n<\/p>\n<p><label> E-mail<br \/>\n<span class=\"wpcf7-form-control-wrap\" data-name=\"your-email\"><input size=\"40\" class=\"wpcf7-form-control wpcf7-text wpcf7-email wpcf7-validates-as-required wpcf7-validates-as-email\" aria-required=\"true\" aria-invalid=\"false\" value=\"\" type=\"email\" name=\"your-email\" \/><\/span> <\/label>\n<\/p>\n<p><label> Subject<br \/>\n<span class=\"wpcf7-form-control-wrap\" data-name=\"your-subject\"><input size=\"40\" class=\"wpcf7-form-control wpcf7-text\" aria-invalid=\"false\" value=\"\" type=\"text\" name=\"your-subject\" \/><\/span> <\/label>\n<\/p>\n<p><label> Message<br \/>\n<span class=\"wpcf7-form-control-wrap\" data-name=\"your-message\"><textarea cols=\"40\" rows=\"10\" class=\"wpcf7-form-control wpcf7-textarea\" aria-invalid=\"false\" name=\"your-message\"><\/textarea><\/span> <\/label><br \/>\n<div id=\"cf7sr-69d3cc53ec136\" class=\"cf7sr-g-recaptcha\" data-theme=\"light\" data-type=\"image\" data-size=\"normal\" data-sitekey=\"6Ld-8coUAAAAAOsgqRdCC9yB9KKQV7dvfpS7Srp2\"><\/div><span class=\"wpcf7-form-control-wrap cf7sr-recaptcha\" data-name=\"cf7sr-recaptcha\"><input type=\"hidden\" name=\"cf7sr-recaptcha\" value=\"\" class=\"wpcf7-form-control\"><\/span><br \/>\n<input class=\"wpcf7-form-control has-spinner wpcf7-submit\" type=\"submit\" value=\"Send\" \/>\n<\/p><div class=\"wpcf7-response-output\" aria-hidden=\"true\"><\/div>\n<input type=\"hidden\" name=\"trp-form-language\" value=\"en\"\/><\/form>\n<\/div>\n<\/p><\/div>\r\n\t\t<\/div>\r\n\t<\/div>\r\n<\/div>    <!-- sktbuilder starter --><script type=\"text\/javascript\" src=\"https:\/\/sue.ba\/wp-content\/plugins\/skt-builder\/sktbuilder\/sktbuilder-frontend-starter.js\"><\/script><script type=\"text\/javascript\" src=\"https:\/\/sue.ba\/wp-content\/plugins\/skt-builder\/sktbuilder-wordpress-driver.js\"><\/script><script type=\"text\/javascript\"> var starter = new SktbuilderStarter({\"mode\": \"prod\", \"skip\":[\"jquery\",\"underscore\",\"backbone\"],\"sktbuilderUrl\": \"https:\/\/sue.ba\/wp-content\/plugins\/skt-builder\/sktbuilder\/\", \"driver\": new SktbuilderWordpressDriver({\"ajaxUrl\": \"https:\/\/sue.ba\/wp-admin\/admin-ajax.php\", \"iframeUrl\": \"https:\/\/sue.ba\/en\/kontakt\/?sktbuilder=true\", \"pageId\": 53, \"pages\": [{\"title\":\"Home\",\"url\":\"https:\\\/\\\/sue.ba\\\/wp-admin\\\/post.php?post=12&action=sktbuilder\"},{\"title\":\"O nama\",\"url\":\"https:\\\/\\\/sue.ba\\\/wp-admin\\\/post.php?post=72&action=sktbuilder\"},{\"title\":\"Proizvodi\",\"url\":\"https:\\\/\\\/sue.ba\\\/wp-admin\\\/post.php?post=81&action=sktbuilder\"},{\"title\":\"Partneri\",\"url\":\"https:\\\/\\\/sue.ba\\\/wp-admin\\\/post.php?post=284&action=sktbuilder\"}], \"page\": \"Gdje se nalazimo\" }) });<\/script><!-- end sktbuilder starter -->","protected":false},"excerpt":{"rendered":"<p>Kontaktirajte nas Kako Vam mo\u017eemo pomo\u0107i?Niste prona\u0161li sve odgovore koje ste tra\u017eili na na\u0161im stranicama?Ukoliko imate bilo kakav upit, komentar ili sugestiju molimo Vas da nas kontaktirate. Ime (Obavezno) Email (Obavezno) Naslov Poruka<\/p>","protected":false},"author":1,"featured_media":84,"parent":0,"menu_order":0,"comment_status":"closed","ping_status":"closed","template":"templates\/page-fullwidth_template.php","meta":{"om_disable_all_campaigns":false,"_monsterinsights_skip_tracking":false,"_monsterinsights_sitenote_active":false,"_monsterinsights_sitenote_note":"","_monsterinsights_sitenote_category":0},"aioseo_notices":[],"_links":{"self":[{"href":"https:\/\/sue.ba\/en\/wp-json\/wp\/v2\/pages\/53"}],"collection":[{"href":"https:\/\/sue.ba\/en\/wp-json\/wp\/v2\/pages"}],"about":[{"href":"https:\/\/sue.ba\/en\/wp-json\/wp\/v2\/types\/page"}],"author":[{"embeddable":true,"href":"https:\/\/sue.ba\/en\/wp-json\/wp\/v2\/users\/1"}],"replies":[{"embeddable":true,"href":"https:\/\/sue.ba\/en\/wp-json\/wp\/v2\/comments?post=53"}],"version-history":[{"count":14,"href":"https:\/\/sue.ba\/en\/wp-json\/wp\/v2\/pages\/53\/revisions"}],"predecessor-version":[{"id":266,"href":"https:\/\/sue.ba\/en\/wp-json\/wp\/v2\/pages\/53\/revisions\/266"}],"wp:featuredmedia":[{"embeddable":true,"href":"https:\/\/sue.ba\/en\/wp-json\/wp\/v2\/media\/84"}],"wp:attachment":[{"href":"https:\/\/sue.ba\/en\/wp-json\/wp\/v2\/media?parent=53"}],"curies":[{"name":"wp","href":"https:\/\/api.w.org\/{rel}","templated":true}]}}