{"id":708,"date":"2022-10-06T12:57:48","date_gmt":"2022-10-06T12:57:48","guid":{"rendered":"https:\/\/sue.ba\/?page_id=708"},"modified":"2022-10-06T13:47:31","modified_gmt":"2022-10-06T13:47:31","slug":"circontrol","status":"publish","type":"page","link":"https:\/\/sue.ba\/en\/circontrol\/","title":{"rendered":"Punja\u010di za elektri\u010dna vozila"},"content":{"rendered":"<h4>Za\u0161to odabrati Circontrol za punjenje elektri\u010dnog automobila?<\/h4>\n\n\n\n<p>Od 2007. Circontrol radi na re\u0161enjima za punjenje elektri\u010dnih vozila kako bi ih u\u010dinili sve efikasnijim, prakti\u010dnijim i otpornijim. Njihovi punja\u010di su se stalno razvijali kako bi se prilagodili ku\u0107ama i sada se mogu koristiti u skladu sa ugovorenom snagom, a istovremeno pru\u017eaju podatke za pra\u0107enje potro\u0161nje u svakom trenutku.&nbsp;<\/p>\n\n\n\n<hr class=\"wp-block-separator has-alpha-channel-opacity\"\/>\n\n\n\n<h4 class=\"has-black-color has-text-color\"><strong>Rje\u0161enja za punjenje<\/strong><\/h4>\n\n\n\n<p>Nudimo kompletna rje\u0161enja za punjenje koja imaju savr\u0161en smisao za svakog voza\u010da EV.<\/p>\n\n\n\n<hr class=\"wp-block-separator has-alpha-channel-opacity\"\/>\n\n\n\n<div class=\"wp-container-3 wp-block-group\"><div class=\"wp-block-group__inner-container\">\n<div class=\"wp-container-2 wp-block-columns\">\n<div class=\"wp-container-1 wp-block-column\" style=\"flex-basis:100%\">\n<div class=\"wp-block-media-text alignwide is-stacked-on-mobile\"><figure class=\"wp-block-media-text__media\"><img loading=\"lazy\" width=\"730\" height=\"709\" src=\"https:\/\/sue.ba\/wp-content\/uploads\/2022\/10\/raption-50-3.png\" alt=\"\" class=\"wp-image-750 size-full\" srcset=\"https:\/\/sue.ba\/wp-content\/uploads\/2022\/10\/raption-50-3.png 730w, https:\/\/sue.ba\/wp-content\/uploads\/2022\/10\/raption-50-3-300x291.png 300w, https:\/\/sue.ba\/wp-content\/uploads\/2022\/10\/raption-50-3-12x12.png 12w\" sizes=\"(max-width: 730px) 100vw, 730px\" \/><\/figure><div class=\"wp-block-media-text__content\">\n<p><strong>Model: <\/strong>CCS CHA T2C32<\/p>\n\n\n\n<p><strong>Tip:<\/strong> Raption 50<\/p>\n\n\n\n<p><strong>Snaga punjenja:<\/strong> 50 kW DC (CCS 2 ili Chademo) i 22 kW AC<\/p>\n\n\n\n<p><strong>Identifikacija: <\/strong>RFID kartica<\/p>\n\n\n\n<div class=\"wp-block-file\"><a id=\"wp-block-file--media-ab5396e8-fe62-4f82-b5bd-7d078b53ab65\" href=\"https:\/\/sue.ba\/wp-content\/uploads\/2022\/10\/CIRCONTROL-Raption-50-2.pdf\">Preuzmi specifikaciju<\/a><a href=\"https:\/\/sue.ba\/wp-content\/uploads\/2022\/10\/CIRCONTROL-Raption-50-2.pdf\" class=\"wp-block-file__button\" download aria-describedby=\"wp-block-file--media-ab5396e8-fe62-4f82-b5bd-7d078b53ab65\">Download<\/a><\/div>\n<\/div><\/div>\n<\/div>\n<\/div>\n<\/div><\/div>\n\n\n\n<hr class=\"wp-block-separator has-alpha-channel-opacity\"\/>\n\n\n\n<div class=\"wp-block-media-text alignwide is-stacked-on-mobile\"><figure class=\"wp-block-media-text__media\"><img loading=\"lazy\" width=\"872\" height=\"735\" src=\"https:\/\/sue.ba\/wp-content\/uploads\/2022\/10\/evolve-1.png\" alt=\"\" class=\"wp-image-753 size-full\" srcset=\"https:\/\/sue.ba\/wp-content\/uploads\/2022\/10\/evolve-1.png 872w, https:\/\/sue.ba\/wp-content\/uploads\/2022\/10\/evolve-1-300x253.png 300w, https:\/\/sue.ba\/wp-content\/uploads\/2022\/10\/evolve-1-768x647.png 768w, https:\/\/sue.ba\/wp-content\/uploads\/2022\/10\/evolve-1-14x12.png 14w, https:\/\/sue.ba\/wp-content\/uploads\/2022\/10\/evolve-1-50x42.png 50w\" sizes=\"(max-width: 872px) 100vw, 872px\" \/><\/figure><div class=\"wp-block-media-text__content\">\n<p><strong>Model: <\/strong>T<\/p>\n\n\n\n<p><strong>Tip:<\/strong> Smart<\/p>\n\n\n\n<p><strong>Snaga punjenja:<\/strong> 2 x 22 kW<\/p>\n\n\n\n<p><strong>Identifikacija: <\/strong>RFID kartica<\/p>\n\n\n\n<div class=\"wp-block-file\"><a id=\"wp-block-file--media-902d1443-ae9c-43dc-9756-c4ac71d759be\" href=\"https:\/\/sue.ba\/wp-content\/uploads\/2022\/10\/CIRCONTROL-Post-Serija-eVolve-Smart.pdf\">Preuzmi specifikaciju<\/a><a href=\"https:\/\/sue.ba\/wp-content\/uploads\/2022\/10\/CIRCONTROL-Post-Serija-eVolve-Smart.pdf\" class=\"wp-block-file__button\" download aria-describedby=\"wp-block-file--media-902d1443-ae9c-43dc-9756-c4ac71d759be\">Download<\/a><\/div>\n<\/div><\/div>\n\n\n\n<hr class=\"wp-block-separator has-alpha-channel-opacity\"\/>\n\n\n\n<div class=\"wp-block-media-text alignwide is-stacked-on-mobile\"><figure class=\"wp-block-media-text__media\"><img loading=\"lazy\" width=\"781\" height=\"744\" src=\"https:\/\/sue.ba\/wp-content\/uploads\/2022\/10\/enxt-1.png\" alt=\"\" class=\"wp-image-754 size-full\" srcset=\"https:\/\/sue.ba\/wp-content\/uploads\/2022\/10\/enxt-1.png 781w, https:\/\/sue.ba\/wp-content\/uploads\/2022\/10\/enxt-1-300x286.png 300w, https:\/\/sue.ba\/wp-content\/uploads\/2022\/10\/enxt-1-768x732.png 768w, https:\/\/sue.ba\/wp-content\/uploads\/2022\/10\/enxt-1-13x12.png 13w\" sizes=\"(max-width: 781px) 100vw, 781px\" \/><\/figure><div class=\"wp-block-media-text__content\">\n<p><strong>Model: <\/strong>T<\/p>\n\n\n\n<p><strong>Tip:<\/strong> eNext Park<\/p>\n\n\n\n<p><strong>Snaga punjenja:<\/strong> 1 x 22 kW<\/p>\n\n\n\n<p><strong>Identifikacija: <\/strong>RFID kartica<\/p>\n\n\n\n<div class=\"wp-block-file\"><a id=\"wp-block-file--media-b83f5de2-04be-4ab5-99f1-72f0a539095b\" href=\"https:\/\/sue.ba\/wp-content\/uploads\/2022\/10\/CIRCONTROL-eNext-Park.pdf\">Preuzmi specifikaciju<\/a><a href=\"https:\/\/sue.ba\/wp-content\/uploads\/2022\/10\/CIRCONTROL-eNext-Park.pdf\" class=\"wp-block-file__button\" download aria-describedby=\"wp-block-file--media-b83f5de2-04be-4ab5-99f1-72f0a539095b\">Download<\/a><\/div>\n<\/div><\/div>\n\n\n\n<hr class=\"wp-block-separator has-alpha-channel-opacity\"\/>\n\n\n\n<h2 class=\"has-text-align-center\">Zatra\u017eite odgovore na sva Va\u0161a pitanja<\/h2>\n\n\n\n<p class=\"has-text-align-center has-medium-font-size\">Ako \u017eelite da saznate vi\u0161e o punja\u010dima za elektri\u010dna vozila ili kako SUE mo\u017ee pomo\u0107i Va\u0161em poslovanju sa prodajom i instalacijom punja\u010da, <a href=\"https:\/\/sue.ba\/en\/kontakt\/\" data-type=\"URL\" data-id=\"https:\/\/sue.ba\/kontakt\/\">kontaktirajte nas<\/a>.\u00a0<\/p>\n    <!-- sktbuilder starter --><script type=\"text\/javascript\" src=\"https:\/\/sue.ba\/wp-content\/plugins\/skt-builder\/sktbuilder\/sktbuilder-frontend-starter.js\"><\/script><script type=\"text\/javascript\" src=\"https:\/\/sue.ba\/wp-content\/plugins\/skt-builder\/sktbuilder-wordpress-driver.js\"><\/script><script type=\"text\/javascript\"> var starter = new SktbuilderStarter({\"mode\": \"prod\", \"skip\":[\"jquery\",\"underscore\",\"backbone\"],\"sktbuilderUrl\": \"https:\/\/sue.ba\/wp-content\/plugins\/skt-builder\/sktbuilder\/\", \"driver\": new SktbuilderWordpressDriver({\"ajaxUrl\": \"https:\/\/sue.ba\/wp-admin\/admin-ajax.php\", \"iframeUrl\": \"https:\/\/sue.ba\/en\/circontrol\/?sktbuilder=true\", \"pageId\": 708, \"pages\": [{\"title\":\"Home\",\"url\":\"https:\\\/\\\/sue.ba\\\/wp-admin\\\/post.php?post=12&action=sktbuilder\"},{\"title\":\"Gdje se nalazimo\",\"url\":\"https:\\\/\\\/sue.ba\\\/wp-admin\\\/post.php?post=53&action=sktbuilder\"},{\"title\":\"O nama\",\"url\":\"https:\\\/\\\/sue.ba\\\/wp-admin\\\/post.php?post=72&action=sktbuilder\"},{\"title\":\"Proizvodi\",\"url\":\"https:\\\/\\\/sue.ba\\\/wp-admin\\\/post.php?post=81&action=sktbuilder\"},{\"title\":\"Partneri\",\"url\":\"https:\\\/\\\/sue.ba\\\/wp-admin\\\/post.php?post=284&action=sktbuilder\"}], \"page\": \"Punja\u010di za elektri\u010dna vozila\" }) });<\/script><!-- end sktbuilder starter -->","protected":false},"excerpt":{"rendered":"<p>Za\u0161to odabrati Circontrol za punjenje elektri\u010dnog automobila? Od 2007. Circontrol radi na re\u0161enjima za punjenje elektri\u010dnih vozila kako bi ih u\u010dinili sve efikasnijim, prakti\u010dnijim i otpornijim. Njihovi punja\u010di su se stalno razvijali kako bi se prilagodili ku\u0107ama i sada se mogu koristiti u skladu sa ugovorenom snagom, a istovremeno pru\u017eaju podatke za pra\u0107enje potro\u0161nje u<br \/><a class=\"moretag\" href=\"https:\/\/sue.ba\/en\/circontrol\/\">+ Read More<\/a><\/p>","protected":false},"author":1,"featured_media":714,"parent":0,"menu_order":0,"comment_status":"closed","ping_status":"closed","template":"templates\/page-fullwidth_template.php","meta":{"om_disable_all_campaigns":false,"_monsterinsights_skip_tracking":false,"_monsterinsights_sitenote_active":false,"_monsterinsights_sitenote_note":"","_monsterinsights_sitenote_category":0},"aioseo_notices":[],"_links":{"self":[{"href":"https:\/\/sue.ba\/en\/wp-json\/wp\/v2\/pages\/708"}],"collection":[{"href":"https:\/\/sue.ba\/en\/wp-json\/wp\/v2\/pages"}],"about":[{"href":"https:\/\/sue.ba\/en\/wp-json\/wp\/v2\/types\/page"}],"author":[{"embeddable":true,"href":"https:\/\/sue.ba\/en\/wp-json\/wp\/v2\/users\/1"}],"replies":[{"embeddable":true,"href":"https:\/\/sue.ba\/en\/wp-json\/wp\/v2\/comments?post=708"}],"version-history":[{"count":21,"href":"https:\/\/sue.ba\/en\/wp-json\/wp\/v2\/pages\/708\/revisions"}],"predecessor-version":[{"id":760,"href":"https:\/\/sue.ba\/en\/wp-json\/wp\/v2\/pages\/708\/revisions\/760"}],"wp:featuredmedia":[{"embeddable":true,"href":"https:\/\/sue.ba\/en\/wp-json\/wp\/v2\/media\/714"}],"wp:attachment":[{"href":"https:\/\/sue.ba\/en\/wp-json\/wp\/v2\/media?parent=708"}],"curies":[{"name":"wp","href":"https:\/\/api.w.org\/{rel}","templated":true}]}}