{"id":72,"date":"2019-12-06T12:45:16","date_gmt":"2019-12-06T12:45:16","guid":{"rendered":"http:\/\/sue.ba\/?page_id=72"},"modified":"2019-12-12T09:02:35","modified_gmt":"2019-12-12T09:02:35","slug":"onama","status":"publish","type":"page","link":"https:\/\/sue.ba\/en\/onama\/","title":{"rendered":"About Us"},"content":{"rendered":"<div id=\"sktbuilder-text-block-207\" class=\"sktbuilder-block sktbuilder-text\">\r\n    <div class=\"qb-container\">\r\n            <div class=\"sktbuilder-header\">\r\n                <div class=\"sktbuilder-header__description sktbuilder-text__description sktbuilder-header__description_color_black\">\r\n                   <p><strong>ENERGOINVEST SUE d.d. SARAJEVO<\/strong><\/p><p><strong>A leader in the implementation and maintenance of power electronics devices<\/strong><\/p><p><br><\/p><p>ENERGOINVEST SUE (Power Control Systems) is more than 30 years in the business of uninterruptable power supplies. The company was established in 1979. by a team from the Institute of Automation and Computer Science (Energoinvest - IRCA). In the period since its establishment until today we have developed a broad product and sales program that includes virtually all the power electronic devices. Many years of experience in working with backup power, experienced and trained personnel, technical equipment and continuous efforts on developing and perfecting devices from our program, resulted in the realization of a large number of contracts with customers at home and abroad, which resulted in numerous references in each of the business segments.<\/p><p><strong>Program<\/strong><\/p><p>Gensets, UPS systems, devices for reactive power compensation, devices for controlling peak load, AC and DC panels, AC \/ DC, DC \/ DC and DC \/ AC converters, batteries.<\/p><p><strong>Activities<\/strong><\/p><p>Project planning, engineering, manufacturing, sales, installation, commissioning, service, technical support<\/p><p><strong>Location<\/strong><\/p><p>The company is located in its own building (4000m2) on Energoinvest's campus Stup.<sup>2<\/sup>It consists of office, manufacturing, warehouse and service space<\/p>\r\n                <\/div>\r\n            <\/div>\r\n    <\/div>\r\n<\/div>    <!-- sktbuilder starter --><script type=\"text\/javascript\" src=\"https:\/\/sue.ba\/wp-content\/plugins\/skt-builder\/sktbuilder\/sktbuilder-frontend-starter.js\"><\/script><script type=\"text\/javascript\" src=\"https:\/\/sue.ba\/wp-content\/plugins\/skt-builder\/sktbuilder-wordpress-driver.js\"><\/script><script type=\"text\/javascript\"> var starter = new SktbuilderStarter({\"mode\": \"prod\", \"skip\":[\"jquery\",\"underscore\",\"backbone\"],\"sktbuilderUrl\": \"https:\/\/sue.ba\/wp-content\/plugins\/skt-builder\/sktbuilder\/\", \"driver\": new SktbuilderWordpressDriver({\"ajaxUrl\": \"https:\/\/sue.ba\/wp-admin\/admin-ajax.php\", \"iframeUrl\": \"https:\/\/sue.ba\/en\/onama\/?sktbuilder=true\", \"pageId\": 72, \"pages\": [{\"title\":\"Home\",\"url\":\"https:\\\/\\\/sue.ba\\\/wp-admin\\\/post.php?post=12&action=sktbuilder\"},{\"title\":\"Gdje se nalazimo\",\"url\":\"https:\\\/\\\/sue.ba\\\/wp-admin\\\/post.php?post=53&action=sktbuilder\"},{\"title\":\"Proizvodi\",\"url\":\"https:\\\/\\\/sue.ba\\\/wp-admin\\\/post.php?post=81&action=sktbuilder\"},{\"title\":\"Partneri\",\"url\":\"https:\\\/\\\/sue.ba\\\/wp-admin\\\/post.php?post=284&action=sktbuilder\"}], \"page\": \"O nama\" }) });<\/script><!-- end sktbuilder starter -->","protected":false},"excerpt":{"rendered":"<p>ENERGOINVEST SUE d.d. SARAJEVOLider u implementaciji i odr\u017eavanju ure\u0111aja elektronike snageENERGOINVEST SUE ( Sistemi upravljanja energijom ) je kompanija koja se ve\u0107 preko 30 godina bavi sistemima za napajanje. Firma je osnovana 1979. godine od strane tima iz Instituta za automatiku i ra\u010dunarske nauke (Energoinvest \u2013 IRCA). U periodu od svog osnivanja do danas razvili<br \/><a class=\"moretag\" href=\"https:\/\/sue.ba\/en\/onama\/\">+ Read More<\/a><\/p>","protected":false},"author":1,"featured_media":94,"parent":0,"menu_order":0,"comment_status":"closed","ping_status":"closed","template":"templates\/page-fullwidth_template.php","meta":{"om_disable_all_campaigns":false,"_monsterinsights_skip_tracking":false,"_monsterinsights_sitenote_active":false,"_monsterinsights_sitenote_note":"","_monsterinsights_sitenote_category":0},"aioseo_notices":[],"_links":{"self":[{"href":"https:\/\/sue.ba\/en\/wp-json\/wp\/v2\/pages\/72"}],"collection":[{"href":"https:\/\/sue.ba\/en\/wp-json\/wp\/v2\/pages"}],"about":[{"href":"https:\/\/sue.ba\/en\/wp-json\/wp\/v2\/types\/page"}],"author":[{"embeddable":true,"href":"https:\/\/sue.ba\/en\/wp-json\/wp\/v2\/users\/1"}],"replies":[{"embeddable":true,"href":"https:\/\/sue.ba\/en\/wp-json\/wp\/v2\/comments?post=72"}],"version-history":[{"count":9,"href":"https:\/\/sue.ba\/en\/wp-json\/wp\/v2\/pages\/72\/revisions"}],"predecessor-version":[{"id":110,"href":"https:\/\/sue.ba\/en\/wp-json\/wp\/v2\/pages\/72\/revisions\/110"}],"wp:featuredmedia":[{"embeddable":true,"href":"https:\/\/sue.ba\/en\/wp-json\/wp\/v2\/media\/94"}],"wp:attachment":[{"href":"https:\/\/sue.ba\/en\/wp-json\/wp\/v2\/media?parent=72"}],"curies":[{"name":"wp","href":"https:\/\/api.w.org\/{rel}","templated":true}]}}