{"id":81,"date":"2019-12-06T13:27:28","date_gmt":"2019-12-06T13:27:28","guid":{"rendered":"http:\/\/sue.ba\/?page_id=81"},"modified":"2022-10-06T12:58:52","modified_gmt":"2022-10-06T12:58:52","slug":"proizvodi","status":"publish","type":"page","link":"https:\/\/sue.ba\/en\/proizvodi\/","title":{"rendered":"Products"},"content":{"rendered":"<div id=\"skt-builder-flip-boxes-block-461\" class=\"skt-builder-block-wrapper skt-builder-flip-boxes-block skt-builder-flip-boxes-block-461\" style=\"background-color: #f3f3f3; background-image: url(); padding-bottom: 70px; padding-top: 80px; \">\r\n\t<div class=\"skt-builder-block-inner skt-builder-block-inner-461\" style=\"\">\r\n\t\t<div class=\"skt-builder-container\">\r\n\t\t\t\t<div class=\"skt-builder-block-title\">\r\n\t\t\t\t\t<h2 style=\"color: #282828; text-align: center;\">Products<\/h2>\r\n\t\t\t\t<\/div>\r\n                <div class=\"skt-builder-block-description\"><p class=\"ql-align-center\"><span style=\"color: rgb(87, 87, 87);\">Gensets, UPS systems, devices for reactive power compensation, devices for controlling peak load, AC and DC panels, AC \/ DC, DC \/ DC and DC \/ AC converters, batteries.<\/span><\/p><\/div>\r\n            <div class=\"skt-builder-columns-row skt-builder-columns-row-3column\">\r\n                \t<div class=\"skt-builder-column skt-builder-flipcard-column skt-builder-flipcard-column-463\">\r\n                        <div class=\"skt-builder-flipcard skt-builder-flipcard-horizontal\" style=\"height: 400px;\">\r\n                            <div class=\"skt-builder-flipcard-front\" style=\"background-color: #ffffff; height: 400px;\">\r\n                                    <div class=\"skt-builder-flipcard-icon\" style=\"color: #282828;\"><i class=\"fa fa-bolt\"><\/i><\/div>\r\n                                <h3 class=\"skt-builder-flipcard-title\" style=\"color: #282828;\">Gensets<\/h3>\r\n                                <span class=\"skt-builder-flipcard-title-separator\" style=\"background-color: #282828;\"><\/span> \r\n                                <div class=\"skt-builder-flipcard-front-content\" style=\"color: #808b98;\"><p><strong style=\"color: rgb(87, 87, 87);\">ENERGOINVEST SUE<\/strong><span style=\"color: rgb(87, 87, 87);\">&nbsp;is the authorized and exclusive partner and service center for the company <\/span><strong style=\"color: rgb(87, 87, 87);\">FG Wilson<\/strong><span style=\"color: rgb(87, 87, 87);\"> for their program of diesel electric generators in Bosnia and Herzegovina. For many years Energoinvest SUE successfully sells, installs and maintains a wide variety of these gensets<\/span><\/p><\/div>\r\n                            <\/div>\r\n                            <div class=\"skt-builder-flipcard-back\" style=\"background-color: #ffffff; height: 400px;\">\r\n                            \t<h3 class=\"skt-builder-flipcard-title\" style=\"color: #5cb4f2;\">Gensets<\/h3>\r\n                                <span class=\"skt-builder-flipcard-title-separator\" style=\"background-color: #ffffff;\"><\/span>\r\n                              \t<div class=\"skt-builder-flipcard-front-content\" style=\"color: #ffffff;\"><p><strong style=\"color: rgb(87, 87, 87);\">ENERGOINVEST SUE<\/strong><span style=\"color: rgb(87, 87, 87);\">&nbsp;is the authorized and exclusive partner and service center for the company FG Wilson for their program of diesel electric generators in Bosnia and Herzegovina. For many years Energoinvest SUE successfully sells, installs and maintains a wide variety of these gensets.<\/span><\/p><p><a href=\"https:\/\/sue.ba\/en\/agregati\/\" target=\"_blank\" style=\"background-color: rgb(255, 255, 255);\" rel=\"noopener\">Read more...<\/a><\/p><\/div>\r\n                            <\/div>\r\n                        <\/div>\r\n                \t<\/div>\r\n                \t<div class=\"skt-builder-column skt-builder-flipcard-column skt-builder-flipcard-column-467\">\r\n                        <div class=\"skt-builder-flipcard skt-builder-flipcard-horizontal\" style=\"height: 400px;\">\r\n                            <div class=\"skt-builder-flipcard-front\" style=\"background-color: #ffffff; height: 400px;\">\r\n                                    <div class=\"skt-builder-flipcard-icon\" style=\"color: #282828;\"><i class=\"glyphicon glyphicon-off\"><\/i><\/div>\r\n                                <h3 class=\"skt-builder-flipcard-title\" style=\"color: #282828;\">UPS Systems<\/h3>\r\n                                <span class=\"skt-builder-flipcard-title-separator\" style=\"background-color: #282828;\"><\/span> \r\n                                <div class=\"skt-builder-flipcard-front-content\" style=\"color: #808b98;\"><p><strong style=\"color: rgb(0, 0, 0);\">ENERGOINVEST SUE d.d.<\/strong><span style=\"color: rgb(0, 0, 0);\">&nbsp;is the authorized and exclusive partner and service center for the company&nbsp;<\/span><strong style=\"color: rgb(0, 0, 0);\">Eaton Powerware&nbsp;<\/strong><span style=\"color: rgb(0, 0, 0);\">UPS program for uninterruptible power supply systems in Bosnia and Herzegovina<\/span><\/p><\/div>\r\n                            <\/div>\r\n                            <div class=\"skt-builder-flipcard-back\" style=\"background-color: #ffffff; height: 400px;\">\r\n                            \t<h3 class=\"skt-builder-flipcard-title\" style=\"color: #5cb4f2;\">UPS Systems<\/h3>\r\n                                <span class=\"skt-builder-flipcard-title-separator\" style=\"background-color: #ffffff;\"><\/span>\r\n                              \t<div class=\"skt-builder-flipcard-front-content\" style=\"color: #ffffff;\"><p>ENERGOINVEST SUE dd is the authorized partner and only service center for the company Eaton Powerware UPS program for uninterruptible power supply systems in Bosnia and Herzegovina<\/p><p><a href=\"https:\/\/sue.ba\/en\/ups-sistemi\/\" target=\"_blank\" style=\"background-color: rgb(255, 255, 255);\" rel=\"noopener\">Read more...<\/a><\/p><\/div>\r\n                            <\/div>\r\n                        <\/div>\r\n                \t<\/div>\r\n                \t<div class=\"skt-builder-column skt-builder-flipcard-column skt-builder-flipcard-column-470\">\r\n                        <div class=\"skt-builder-flipcard skt-builder-flipcard-horizontal\" style=\"height: 400px;\">\r\n                            <div class=\"skt-builder-flipcard-front\" style=\"background-color: #ffffff; height: 400px;\">\r\n                                    <div class=\"skt-builder-flipcard-icon\" style=\"color: #282828;\"><i class=\"glyphicon glyphicon-signal\"><\/i><\/div>\r\n                                <h3 class=\"skt-builder-flipcard-title\" style=\"color: #282828;\">Power Factor Correction<\/h3>\r\n                                <span class=\"skt-builder-flipcard-title-separator\" style=\"background-color: #282828;\"><\/span> \r\n                                <div class=\"skt-builder-flipcard-front-content\" style=\"color: #808b98;\"><p><strong>RATIONALIZATION OF ELECTRICITY CONSUMPTION<\/strong><\/p><p><br><\/p><p><br><\/p><\/div>\r\n                            <\/div>\r\n                            <div class=\"skt-builder-flipcard-back\" style=\"background-color: #ffffff; height: 400px;\">\r\n                            \t<h3 class=\"skt-builder-flipcard-title\" style=\"color: #5cb4f2;\">Power Factor Correction<\/h3>\r\n                                <span class=\"skt-builder-flipcard-title-separator\" style=\"background-color: #ffffff;\"><\/span>\r\n                              \t<div class=\"skt-builder-flipcard-front-content\" style=\"color: #ffffff;\"><p>- Designing and manufacturing of equipment for reactive power compensation<\/p><p>- Designing and manufacturing of equipment for reactive power compensation<\/p><p>- Conducting studies on the rationalization of consumption of electrical energy<\/p><p><br><\/p><p><a href=\"https:\/\/sue.ba\/en\/kompenzatori\/\" target=\"_blank\" rel=\"noopener\">Read more...<\/a><\/p><\/div>\r\n                            <\/div>\r\n                        <\/div>\r\n                \t<\/div>\r\n                \t<div class=\"skt-builder-column skt-builder-flipcard-column skt-builder-flipcard-column-575\">\r\n                        <div class=\"skt-builder-flipcard skt-builder-flipcard-horizontal\" style=\"height: 400px;\">\r\n                            <div class=\"skt-builder-flipcard-front\" style=\"background-color: #ffffff; height: 400px;\">\r\n                                    <div class=\"skt-builder-flipcard-icon\" style=\"color: #282828;\"><i class=\"fa fa-plug\"><\/i><\/div>\r\n                                <h3 class=\"skt-builder-flipcard-title\" style=\"color: #282828;\">AC and DC distributions<\/h3>\r\n                                <span class=\"skt-builder-flipcard-title-separator\" style=\"background-color: #282828;\"><\/span> \r\n                                <div class=\"skt-builder-flipcard-front-content\" style=\"color: #808b98;\"><p>We use the switching components of world renowned producers and we have type attests from independent laboratories.<\/p><p>&nbsp;<\/p><p><br><\/p><\/div>\r\n                            <\/div>\r\n                            <div class=\"skt-builder-flipcard-back\" style=\"background-color: #ffffff; height: 400px;\">\r\n                            \t<h3 class=\"skt-builder-flipcard-title\" style=\"color: #5cb4f2;\">AC and DC distributions<\/h3>\r\n                                <span class=\"skt-builder-flipcard-title-separator\" style=\"background-color: #ffffff;\"><\/span>\r\n                              \t<div class=\"skt-builder-flipcard-front-content\" style=\"color: #ffffff;\"><p>We use the switching components of world renowned producers and we have type attests from independent laboratories.<\/p><p>&nbsp;<\/p><p>Distribution switchboards are usually shipped together with other products from our program and together they form technically, commercially and aesthetically most competitive power supply systems.<\/p><p><a href=\"https:\/\/sue.ba\/en\/acdc\/\" target=\"_blank\" style=\"background-color: rgb(255, 255, 255);\" rel=\"noopener\">Read more...<\/a><\/p><\/div>\r\n                            <\/div>\r\n                        <\/div>\r\n                \t<\/div>\r\n                \t<div class=\"skt-builder-column skt-builder-flipcard-column skt-builder-flipcard-column-602\">\r\n                        <div class=\"skt-builder-flipcard skt-builder-flipcard-horizontal\" style=\"height: 400px;\">\r\n                            <div class=\"skt-builder-flipcard-front\" style=\"background-color: #ffffff; height: 400px;\">\r\n                                    <div class=\"skt-builder-flipcard-icon\"><img src=\"https:\/\/sue.ba\/wp-content\/uploads\/2021\/02\/noun_AC-DC-Conversion_101677-1-3.png\"><\/div>\r\n                                <h3 class=\"skt-builder-flipcard-title\" style=\"color: #282828;\">Rectifiers and Inverters<\/h3>\r\n                                <span class=\"skt-builder-flipcard-title-separator\" style=\"background-color: #282828;\"><\/span> \r\n                                <div class=\"skt-builder-flipcard-front-content\" style=\"color: #808b98;\"><p><span style=\"color: rgb(0, 0, 0);\">Energoinvest SUE is an authorized representative of Bennig. A very wide range of Benning\u2019s products for various purposes, the expertise of our personnel combined with long experience in the field of power electronics<\/span><\/p><p><br><\/p><\/div>\r\n                            <\/div>\r\n                            <div class=\"skt-builder-flipcard-back\" style=\"background-color: #ffffff; height: 400px;\">\r\n                            \t<h3 class=\"skt-builder-flipcard-title\" style=\"color: #5cb4f2;\">Rectifiers and Inverters<\/h3>\r\n                                <span class=\"skt-builder-flipcard-title-separator\" style=\"background-color: #ffffff;\"><\/span>\r\n                              \t<div class=\"skt-builder-flipcard-front-content\" style=\"color: #ffffff;\"><p><span style=\"color: rgb(0, 0, 0);\">A very wide range of Benning\u2019s products for various purposes, the expertise of our personnel combined with long experience in the field of power electronics and strong after-sales service support, allow us to have a full market performance with uninterruptible power supply systems tailored to the exact needs of critical consumers.<\/span><\/p><p><a href=\"https:\/\/sue.ba\/en\/ispravljaci-i-invertori\/\" target=\"_blank\" style=\"background-color: rgb(255, 255, 255);\" rel=\"noopener\">Read more...<\/a><\/p><\/div>\r\n                            <\/div>\r\n                        <\/div>\r\n                \t<\/div>\r\n                \t<div class=\"skt-builder-column skt-builder-flipcard-column skt-builder-flipcard-column-629\">\r\n                        <div class=\"skt-builder-flipcard skt-builder-flipcard-horizontal\" style=\"height: 400px;\">\r\n                            <div class=\"skt-builder-flipcard-front\" style=\"background-color: #ffffff; height: 400px;\">\r\n                                    <div class=\"skt-builder-flipcard-icon\" style=\"color: #282828;\"><i class=\"fa fa-battery-full\"><\/i><\/div>\r\n                                <h3 class=\"skt-builder-flipcard-title\" style=\"color: #282828;\">Batteries<\/h3>\r\n                                <span class=\"skt-builder-flipcard-title-separator\" style=\"background-color: #282828;\"><\/span> \r\n                                <div class=\"skt-builder-flipcard-front-content\" style=\"color: #808b98;\"><p><strong style=\"color: rgb(0, 0, 0);\">ENERGOINVEST SUE<\/strong><span style=\"color: rgb(0, 0, 0);\">&nbsp;is an authorized distributor of Exide's batteries for their program in Bosnia and Herzegovina. Exide technology is the world's leader in the market of storing electrical energy<\/span><\/p><p><br><\/p><\/div>\r\n                            <\/div>\r\n                            <div class=\"skt-builder-flipcard-back\" style=\"background-color: #ffffff; height: 400px;\">\r\n                            \t<h3 class=\"skt-builder-flipcard-title\" style=\"color: #5cb4f2;\">Batteries<\/h3>\r\n                                <span class=\"skt-builder-flipcard-title-separator\" style=\"background-color: #ffffff;\"><\/span>\r\n                              \t<div class=\"skt-builder-flipcard-front-content\" style=\"color: #ffffff;\"><p><span style=\"color: rgb(0, 0, 0);\">Exide batteries are used in uninterruptible power supply systems, in communication networks, data networks, UPS systems for computers and control systems, manufacturing and distribution of electrical energy and in a wide range of other industries.<\/span><\/p><p><a href=\"https:\/\/sue.ba\/en\/akumulatorske-baterije\/\" target=\"_blank\" style=\"background-color: rgb(255, 255, 255);\" rel=\"noopener\">Read more...<\/a><\/p><\/div>\r\n                            <\/div>\r\n                        <\/div>\r\n                \t<\/div>\r\n                \t<div class=\"skt-builder-column skt-builder-flipcard-column skt-builder-flipcard-column-236\">\r\n                        <div class=\"skt-builder-flipcard skt-builder-flipcard-horizontal\" style=\"height: 400px;\">\r\n                            <div class=\"skt-builder-flipcard-front\" style=\"background-color: #ffffff; height: 400px;\">\r\n                                    <div class=\"skt-builder-flipcard-icon\" style=\"color: #282828;\"><i class=\"fa fa-sun-o\"><\/i><\/div>\r\n                                <h3 class=\"skt-builder-flipcard-title\" style=\"color: #282828;\">Solar Systems<\/h3>\r\n                                <span class=\"skt-builder-flipcard-title-separator\" style=\"background-color: #282828;\"><\/span> \r\n                                <div class=\"skt-builder-flipcard-front-content\" style=\"color: #808b98;\"><p>Island solar systems usually have a constant consumption or at least a constant average daily consumption.<\/p><\/div>\r\n                            <\/div>\r\n                            <div class=\"skt-builder-flipcard-back\" style=\"background-color: #ffffff; height: 400px;\">\r\n                            \t<h3 class=\"skt-builder-flipcard-title\" style=\"color: #5cb4f2;\">Solar Systems<\/h3>\r\n                                <span class=\"skt-builder-flipcard-title-separator\" style=\"background-color: #ffffff;\"><\/span>\r\n                              \t<div class=\"skt-builder-flipcard-front-content\" style=\"color: #ffffff;\"><p>Island solar systems usually have a constant consumption or at least a constant average daily consumption. Constant consumption systems should be designed so that they can go through the most unfavorable month of the year, using World Design Insolation charts.<\/p><p><br><\/p><p><a href=\"https:\/\/sue.ba\/en\/solar\/\" target=\"_blank\" rel=\"noopener\">Read more...<\/a><\/p><\/div>\r\n                            <\/div>\r\n                        <\/div>\r\n                \t<\/div>\r\n                \t<div class=\"skt-builder-column skt-builder-flipcard-column skt-builder-flipcard-column-245\">\r\n                        <div class=\"skt-builder-flipcard skt-builder-flipcard-horizontal\" style=\"height: 400px;\">\r\n                            <div class=\"skt-builder-flipcard-front\" style=\"background-color: #ffffff; height: 400px;\">\r\n                                    <div class=\"skt-builder-flipcard-icon\" style=\"color: #282828;\"><i class=\"fa fa-automobile\"><\/i><\/div>\r\n                                <h3 class=\"skt-builder-flipcard-title\" style=\"color: #282828;\">Punja\u010di za elektri\u010dna vozila<\/h3>\r\n                                <span class=\"skt-builder-flipcard-title-separator\" style=\"background-color: #282828;\"><\/span> \r\n                                <div class=\"skt-builder-flipcard-front-content\" style=\"color: #808b98;\"><p class=\"ql-align-center\">Cilj nam je pru\u017eiti korisni\u010dka rje\u0161enja za elektri\u010dna vozila punjenje u razli\u010ditim scenarijima, kao \u0161to su gradske ulice, me\u0111ugradske ceste i javna ili privatna parkirali\u0161ta, za vi\u0161e ili pojedina\u010dne korisnike.<\/p><\/div>\r\n                            <\/div>\r\n                            <div class=\"skt-builder-flipcard-back\" style=\"background-color: #ffffff; height: 400px;\">\r\n                            \t<h3 class=\"skt-builder-flipcard-title\" style=\"color: #5cb4f2;\">Punja\u010di za elektri\u010dna vozila<\/h3>\r\n                                <span class=\"skt-builder-flipcard-title-separator\" style=\"background-color: #ffffff;\"><\/span>\r\n                              \t<div class=\"skt-builder-flipcard-front-content\" style=\"color: #ffffff;\"><p>Prisutnost EV punja\u010da na ulici ili tihog EV-a koji krstari cestom bili su rijetki prizori ne tako davno, ali postaju sve \u010de\u0161\u0107i, a prognoze govore da \u0107e prije ili kasnije postati svakodnevna stvarnost.<\/p><p><br><\/p><p><a href=\"https:\/\/sue.ba\/en\/circontrol\/\" target=\"_blank\" rel=\"noopener\">Read more...<\/a><\/p><\/div>\r\n                            <\/div>\r\n                        <\/div>\r\n                \t<\/div>\r\n\t\t\t<\/div>\r\n\t\t<\/div>\r\n\t<\/div>\r\n<\/div>\r\n\r\n<script>\r\njQuery(document).ready(function() {\r\n    jQuery('p').each(function() {\r\n        var $this = jQuery(this);\r\n        if($this.html().replace(\/s|&nbsp;\/g, '').length == 0) {\r\n            $this.remove();\r\n        }\r\n    });\r\n});\r\n\r\njQuery(document).ready(function() {\r\n    jQuery('p').each(function() {\r\n        var $this = jQuery(this);\r\n        if($this.html().replace(\/s|<br>\/g, '').length == 0) {\r\n            $this.remove();\r\n        }\r\n    });\r\n});\r\n<\/script>    <!-- sktbuilder starter --><script type=\"text\/javascript\" src=\"https:\/\/sue.ba\/wp-content\/plugins\/skt-builder\/sktbuilder\/sktbuilder-frontend-starter.js\"><\/script><script type=\"text\/javascript\" src=\"https:\/\/sue.ba\/wp-content\/plugins\/skt-builder\/sktbuilder-wordpress-driver.js\"><\/script><script type=\"text\/javascript\"> var starter = new SktbuilderStarter({\"mode\": \"prod\", \"skip\":[\"jquery\",\"underscore\",\"backbone\"],\"sktbuilderUrl\": \"https:\/\/sue.ba\/wp-content\/plugins\/skt-builder\/sktbuilder\/\", \"driver\": new SktbuilderWordpressDriver({\"ajaxUrl\": \"https:\/\/sue.ba\/wp-admin\/admin-ajax.php\", \"iframeUrl\": \"https:\/\/sue.ba\/en\/proizvodi\/?sktbuilder=true\", \"pageId\": 81, \"pages\": [{\"title\":\"Home\",\"url\":\"https:\\\/\\\/sue.ba\\\/wp-admin\\\/post.php?post=12&action=sktbuilder\"},{\"title\":\"Gdje se nalazimo\",\"url\":\"https:\\\/\\\/sue.ba\\\/wp-admin\\\/post.php?post=53&action=sktbuilder\"},{\"title\":\"O nama\",\"url\":\"https:\\\/\\\/sue.ba\\\/wp-admin\\\/post.php?post=72&action=sktbuilder\"},{\"title\":\"Partneri\",\"url\":\"https:\\\/\\\/sue.ba\\\/wp-admin\\\/post.php?post=284&action=sktbuilder\"}], \"page\": \"Proizvodi\" }) });<\/script><!-- end sktbuilder starter -->","protected":false},"excerpt":{"rendered":"<p>Proizvodi Elektri\u010dni agregati, UPS sistemi, ure\u0111aji za kompenzaciju reaktivne elektri\u010dne energije, ure\u0111aji za kontrolu vr\u0161nog optere\u0107enja, AC i DC razvodi, AC\/DC, DC\/DC i DC\/AC konvertori, industrijske akumulatorske baterije. Agregati ENERGOINVEST SUE&nbsp;je ovla\u0161teni ekskluzivni, jedini zastupnik i servisni centar kompanije FG Wilson za program dizel elektri\u010dnih agregata na podru\u010dju Hrvatske i BIH. Dugi niz godina uspje\u0161no<br \/><a class=\"moretag\" href=\"https:\/\/sue.ba\/en\/proizvodi\/\">+ Read More<\/a><\/p>","protected":false},"author":1,"featured_media":105,"parent":0,"menu_order":0,"comment_status":"closed","ping_status":"closed","template":"templates\/page-builder.php","meta":{"om_disable_all_campaigns":false,"_monsterinsights_skip_tracking":false,"_monsterinsights_sitenote_active":false,"_monsterinsights_sitenote_note":"","_monsterinsights_sitenote_category":0},"aioseo_notices":[],"_links":{"self":[{"href":"https:\/\/sue.ba\/en\/wp-json\/wp\/v2\/pages\/81"}],"collection":[{"href":"https:\/\/sue.ba\/en\/wp-json\/wp\/v2\/pages"}],"about":[{"href":"https:\/\/sue.ba\/en\/wp-json\/wp\/v2\/types\/page"}],"author":[{"embeddable":true,"href":"https:\/\/sue.ba\/en\/wp-json\/wp\/v2\/users\/1"}],"replies":[{"embeddable":true,"href":"https:\/\/sue.ba\/en\/wp-json\/wp\/v2\/comments?post=81"}],"version-history":[{"count":21,"href":"https:\/\/sue.ba\/en\/wp-json\/wp\/v2\/pages\/81\/revisions"}],"predecessor-version":[{"id":710,"href":"https:\/\/sue.ba\/en\/wp-json\/wp\/v2\/pages\/81\/revisions\/710"}],"wp:featuredmedia":[{"embeddable":true,"href":"https:\/\/sue.ba\/en\/wp-json\/wp\/v2\/media\/105"}],"wp:attachment":[{"href":"https:\/\/sue.ba\/en\/wp-json\/wp\/v2\/media?parent=81"}],"curies":[{"name":"wp","href":"https:\/\/api.w.org\/{rel}","templated":true}]}}